{"id":311,"date":"2018-09-21T03:36:48","date_gmt":"2018-09-21T03:36:48","guid":{"rendered":"http:\/\/dev.joomexp.com\/wordpress\/melokids\/?page_id=311"},"modified":"2023-10-20T17:55:46","modified_gmt":"2023-10-20T14:55:46","slug":"home","status":"publish","type":"page","link":"https:\/\/kukkawood.com\/tr\/","title":{"rendered":"Anasayfa"},"content":{"rendered":"<section class=\"wpb-content-wrapper\"><p>[vc_row full_width=&#8221;stretch_row_content&#8221; row_vertical_space=&#8221;vs-0&#8243;][vc_column]\n\t\t\t<!-- START Slider 3 REVOLUTION SLIDER 6.6.13 --><p class=\"rs-p-wp-fix\"><\/p>\n\t\t\t<rs-module-wrap id=\"rev_slider_7_1_wrapper\" data-source=\"gallery\" style=\"visibility:hidden;background:transparent;padding:0;margin:0px auto;margin-top:0;margin-bottom:0;\">\n\t\t\t\t<rs-module id=\"rev_slider_7_1\" style=\"\" data-version=\"6.6.13\">\n\t\t\t\t\t<rs-slides style=\"overflow: hidden; position: absolute;\">\n\t\t\t\t\t\t<rs-slide style=\"position: absolute;\" data-key=\"rs-16\" data-title=\"Slide\" data-thumb=\"\/\/kukkawood.com\/wp-content\/uploads\/2025\/03\/kukka_banner_1920x600_25-50x100.jpg\" data-in=\"o:0;\" data-out=\"a:false;\">\n\t\t\t\t\t\t\t<img src=\"\/\/kukkawood.com\/wp-content\/plugins\/revslider\/public\/assets\/assets\/dummy.png\" alt=\"\" title=\"kukka_banner_1920x600_25\" width=\"1920\" height=\"600\" class=\"rev-slidebg tp-rs-img rs-lazyload\" data-lazyload=\"\/\/kukkawood.com\/wp-content\/uploads\/2025\/03\/kukka_banner_1920x600_25.jpg\" data-no-retina>\n<!---->\t\t\t\t\t\t<\/rs-slide>\n\t\t\t\t\t\t<rs-slide style=\"position: absolute;\" data-key=\"rs-18\" data-title=\"Slide\" data-thumb=\"\/\/kukkawood.com\/wp-content\/uploads\/2023\/09\/KMB311_banner_1920x600-50x100.jpg\" data-in=\"o:0;\" data-out=\"a:false;\">\n\t\t\t\t\t\t\t<img src=\"\/\/kukkawood.com\/wp-content\/plugins\/revslider\/public\/assets\/assets\/dummy.png\" alt=\"\" title=\"KMB311_banner_1920x600\" width=\"1920\" height=\"600\" class=\"rev-slidebg tp-rs-img rs-lazyload\" data-lazyload=\"\/\/kukkawood.com\/wp-content\/uploads\/2023\/09\/KMB311_banner_1920x600.jpg\" data-no-retina>\n<!---->\t\t\t\t\t\t<\/rs-slide>\n\t\t\t\t\t\t<rs-slide style=\"position: absolute;\" data-key=\"rs-19\" data-title=\"Slide\" data-thumb=\"\/\/kukkawood.com\/wp-content\/uploads\/2023\/09\/kWP140_banner_1920x600_-50x100.jpg\" data-in=\"o:0;\" data-out=\"a:false;\">\n\t\t\t\t\t\t\t<img src=\"\/\/kukkawood.com\/wp-content\/plugins\/revslider\/public\/assets\/assets\/dummy.png\" alt=\"\" title=\"kWP140_banner_1920x600_\" width=\"1920\" height=\"600\" class=\"rev-slidebg tp-rs-img rs-lazyload\" data-lazyload=\"\/\/kukkawood.com\/wp-content\/uploads\/2023\/09\/kWP140_banner_1920x600_.jpg\" data-no-retina>\n<!---->\t\t\t\t\t\t<\/rs-slide>\n\t\t\t\t\t<\/rs-slides>\n\t\t\t\t<\/rs-module>\n\t\t\t\t<script>\n\t\t\t\t\tsetREVStartSize({c: 'rev_slider_7_1',rl:[1240,1024,778,480],el:[600],gw:[1920],gh:[600],type:'standard',justify:'',layout:'fullwidth',mh:\"0\"});if (window.RS_MODULES!==undefined && window.RS_MODULES.modules!==undefined && window.RS_MODULES.modules[\"revslider71\"]!==undefined) {window.RS_MODULES.modules[\"revslider71\"].once = false;window.revapi7 = undefined;if (window.RS_MODULES.checkMinimal!==undefined) window.RS_MODULES.checkMinimal()}\n\t\t\t\t<\/script>\n\t\t\t<\/rs-module-wrap>\n\t\t\t<!-- END REVOLUTION SLIDER -->\n[\/vc_column][\/vc_row][vc_row full_width=&#8221;stretch_row_content&#8221; css=&#8221;.vc_custom_1660912144809{padding-top: 50px !important;padding-right: 50px !important;padding-bottom: 50px !important;padding-left: 50px !important;background-color: #f3f0eb !important;}&#8221;][vc_column width=&#8221;1\/4&#8243; offset=&#8221;vc_col-xs-6&#8243;][vc_single_image image=&#8221;4887&#8243; img_size=&#8221;full&#8221; alignment=&#8221;center&#8221;][zkheading text_align=&#8221;center&#8221; text=&#8221;%5B%7B%22text_part%22%3A%22Do%C4%9Fal%22%2C%22text_part_style%22%3A%22style1%22%7D%5D&#8221; font_container=&#8221;tag:h4&#8243; add_image=&#8221;&#8221; add_icon=&#8221;&#8221; st_text=&#8221;%5B%7B%22sttext_part_style%22%3A%22style1%22%7D%5D&#8221; btn_type=&#8221;zk-btn&#8221; css=&#8221;.vc_custom_1660820122116{margin-top: 15px !important;}&#8221;][\/vc_column][vc_column width=&#8221;1\/4&#8243; offset=&#8221;vc_col-xs-6&#8243;][vc_single_image image=&#8221;4889&#8243; img_size=&#8221;full&#8221; alignment=&#8221;center&#8221;][zkheading text_align=&#8221;center&#8221; text=&#8221;%5B%7B%22text_part%22%3A%22Fonksiyonel%22%2C%22text_part_style%22%3A%22style1%22%7D%5D&#8221; font_container=&#8221;tag:h4&#8243; add_image=&#8221;&#8221; add_icon=&#8221;&#8221; st_text=&#8221;%5B%7B%22sttext_part_style%22%3A%22style1%22%7D%5D&#8221; btn_type=&#8221;zk-btn&#8221; css=&#8221;.vc_custom_1660820159022{margin-top: 15px !important;}&#8221;][\/vc_column][vc_column width=&#8221;1\/4&#8243; offset=&#8221;vc_col-xs-6&#8243;][vc_single_image image=&#8221;4891&#8243; img_size=&#8221;full&#8221; alignment=&#8221;center&#8221;][zkheading text_align=&#8221;center&#8221; text=&#8221;%5B%7B%22text_part%22%3A%22Kimyasal%20%C4%B0%C3%A7ermez%22%2C%22text_part_style%22%3A%22style1%22%7D%5D&#8221; font_container=&#8221;tag:h4&#8243; add_image=&#8221;&#8221; add_icon=&#8221;&#8221; st_text=&#8221;%5B%7B%22sttext_part_style%22%3A%22style1%22%7D%5D&#8221; btn_type=&#8221;zk-btn&#8221; css=&#8221;.vc_custom_1660820174668{margin-top: 15px !important;}&#8221;][\/vc_column][vc_column width=&#8221;1\/4&#8243; offset=&#8221;vc_col-xs-6&#8243;][vc_single_image image=&#8221;4893&#8243; img_size=&#8221;full&#8221; alignment=&#8221;center&#8221;][zkheading text_align=&#8221;center&#8221; text=&#8221;%5B%7B%22text_part%22%3A%22%C3%87evre%20Dostu%22%2C%22text_part_style%22%3A%22style1%22%7D%5D&#8221; font_container=&#8221;tag:h4&#8243; add_image=&#8221;&#8221; add_icon=&#8221;&#8221; st_text=&#8221;%5B%7B%22sttext_part_style%22%3A%22style1%22%7D%5D&#8221; btn_type=&#8221;zk-btn&#8221; css=&#8221;.vc_custom_1660820191578{margin-top: 15px !important;}&#8221;][\/vc_column][\/vc_row][vc_row row_vertical_space=&#8221;vs-100&#8243;][vc_column][zkheading text_align=&#8221;center&#8221; text=&#8221;%5B%7B%22text_part%22%3A%22%C3%9CR%C3%9CNLER%C4%B0M%C4%B0Z%22%2C%22text_part_style%22%3A%22style1%22%7D%5D&#8221; font_container=&#8221;tag:h3&#8243; letter_spacing=&#8221;5px&#8221; add_image=&#8221;&#8221; add_icon=&#8221;&#8221; st_text=&#8221;%5B%7B%22sttext_part_style%22%3A%22style1%22%7D%5D&#8221; btn_type=&#8221;zk-btn&#8221;][vc_empty_space height=&#8221;20px&#8221;][zkproductscarousel limit=&#8221;14&#8243; orderby=&#8221;menu_order&#8221; owl_sm_items=&#8221;2&#8243; owl_md_items=&#8221;3&#8243; owl_lg_items=&#8221;3&#8243; owl_xl_items=&#8221;3&#8243; number_row=&#8221;1&#8243; loop=&#8221;true&#8221; center=&#8221;&#8221; autowidth=&#8221;&#8221; autoheight=&#8221;&#8221; margin=&#8221;45&#8243; stagepadding=&#8221;45&#8243; nav=&#8221;true&#8221; nav_style=&#8221;1&#8243; dot_pos=&#8221;1&#8243; el_id=&#8221;1626262527552-9436aea7-31c0&#8243;][vc_btn title=&#8221;T\u00fcm \u00dcr\u00fcnler&#8221; style=&#8221;flat&#8221; shape=&#8221;square&#8221; color=&#8221;danger&#8221; size=&#8221;lg&#8221; align=&#8221;center&#8221; css_animation=&#8221;fadeInDown&#8221; el_class=&#8221;buton-hakkimizda&#8221; link=&#8221;url:https%3A%2F%2Fkukkawood.com%2Ftr%2Furunlerimiz%2F|title:T%C3%BCm%20%C3%9Cr%C3%BCnler&#8221; css=&#8221;.vc_custom_1690504029038{padding-top: 20px !important;}&#8221;][\/vc_column][\/vc_row][vc_row css=&#8221;.vc_custom_1660886970123{margin-top: 50px !important;margin-bottom: 50px !important;padding-right: 100px !important;padding-left: 100px !important;}&#8221;][vc_column width=&#8221;1\/5&#8243; offset=&#8221;vc_col-xs-4 vc_hidden-xs&#8221;][vc_single_image image=&#8221;4875&#8243; img_size=&#8221;full&#8221;][\/vc_column][vc_column width=&#8221;1\/5&#8243; offset=&#8221;vc_col-xs-4 vc_hidden-xs&#8221;][vc_single_image image=&#8221;4877&#8243; img_size=&#8221;full&#8221;][\/vc_column][vc_column width=&#8221;1\/5&#8243; offset=&#8221;vc_col-xs-4 vc_hidden-xs&#8221;][vc_single_image image=&#8221;4879&#8243; img_size=&#8221;full&#8221;][\/vc_column][vc_column width=&#8221;1\/5&#8243; offset=&#8221;vc_col-xs-6 vc_hidden-xs&#8221;][vc_single_image image=&#8221;4883&#8243; img_size=&#8221;full&#8221;][\/vc_column][\/vc_row][vc_row css=&#8221;.vc_custom_1660912439887{margin-top: -125px !important;margin-bottom: 50px !important;}&#8221;][vc_column width=&#8221;1\/5&#8243; offset=&#8221;vc_hidden-lg vc_hidden-md vc_hidden-sm vc_col-xs-4&#8243;][vc_single_image image=&#8221;4875&#8243; img_size=&#8221;full&#8221;][\/vc_column][vc_column width=&#8221;1\/5&#8243; offset=&#8221;vc_hidden-lg vc_hidden-md vc_hidden-sm vc_col-xs-4&#8243;][vc_single_image image=&#8221;4877&#8243; img_size=&#8221;full&#8221;][\/vc_column][vc_column width=&#8221;1\/5&#8243; offset=&#8221;vc_hidden-lg vc_hidden-md vc_hidden-sm vc_col-xs-4&#8243;][vc_single_image image=&#8221;4879&#8243; img_size=&#8221;full&#8221;][\/vc_column][vc_column width=&#8221;1\/5&#8243; offset=&#8221;vc_hidden-lg vc_hidden-md vc_hidden-sm vc_col-xs-6&#8243;][vc_single_image image=&#8221;4881&#8243; img_size=&#8221;full&#8221;][\/vc_column][vc_column width=&#8221;1\/5&#8243; offset=&#8221;vc_hidden-lg vc_hidden-md vc_hidden-sm vc_col-xs-6&#8243;][vc_single_image image=&#8221;4883&#8243; img_size=&#8221;full&#8221;][\/vc_column][\/vc_row]<\/p>\n<\/section>","protected":false},"excerpt":{"rendered":"<p>[vc_column width=&#8221;1\/4&#8243; offset=&#8221;vc_col-xs-6&#8243;][vc_single_image image=&#8221;4887&#8243; img_size=&#8221;full&#8221; alignment=&#8221;center&#8221;][zkheading text_align=&#8221;center&#8221; text=&#8221;%5B%7B%22text_part%22%3A%22Do%C4%9Fal%22%2C%22text_part_style%22%3A%22style1%22%7D%5D&#8221; font_container=&#8221;tag:h4&#8243; add_image=&#8221;&#8221; add_icon=&#8221;&#8221; st_text=&#8221;%5B%7B%22sttext_part_style%22%3A%22style1%22%7D%5D&#8221; btn_type=&#8221;zk-btn&#8221; css=&#8221;.vc_custom_1660820122116{margin-top: 15px !important;}&#8221;][\/vc_column][vc_column width=&#8221;1\/4&#8243; offset=&#8221;vc_col-xs-6&#8243;][vc_single_image image=&#8221;4889&#8243; img_size=&#8221;full&#8221; alignment=&#8221;center&#8221;][zkheading text_align=&#8221;center&#8221; text=&#8221;%5B%7B%22text_part%22%3A%22Fonksiyonel%22%2C%22text_part_style%22%3A%22style1%22%7D%5D&#8221; font_container=&#8221;tag:h4&#8243; add_image=&#8221;&#8221; add_icon=&#8221;&#8221; st_text=&#8221;%5B%7B%22sttext_part_style%22%3A%22style1%22%7D%5D&#8221; btn_type=&#8221;zk-btn&#8221; css=&#8221;.vc_custom_1660820159022{margin-top: 15px !important;}&#8221;][\/vc_column][vc_column width=&#8221;1\/4&#8243; offset=&#8221;vc_col-xs-6&#8243;][vc_single_image image=&#8221;4891&#8243; img_size=&#8221;full&#8221; alignment=&#8221;center&#8221;][zkheading text_align=&#8221;center&#8221; text=&#8221;%5B%7B%22text_part%22%3A%22Kimyasal%20%C4%B0%C3%A7ermez%22%2C%22text_part_style%22%3A%22style1%22%7D%5D&#8221; font_container=&#8221;tag:h4&#8243; add_image=&#8221;&#8221; add_icon=&#8221;&#8221; [&hellip;]<\/p>\n","protected":false},"author":1,"featured_media":0,"parent":0,"menu_order":1,"comment_status":"closed","ping_status":"closed","template":"page-templates\/builder.php","meta":{"footnotes":""},"_links":{"self":[{"href":"https:\/\/kukkawood.com\/tr\/wp-json\/wp\/v2\/pages\/311"}],"collection":[{"href":"https:\/\/kukkawood.com\/tr\/wp-json\/wp\/v2\/pages"}],"about":[{"href":"https:\/\/kukkawood.com\/tr\/wp-json\/wp\/v2\/types\/page"}],"author":[{"embeddable":true,"href":"https:\/\/kukkawood.com\/tr\/wp-json\/wp\/v2\/users\/1"}],"replies":[{"embeddable":true,"href":"https:\/\/kukkawood.com\/tr\/wp-json\/wp\/v2\/comments?post=311"}],"version-history":[{"count":177,"href":"https:\/\/kukkawood.com\/tr\/wp-json\/wp\/v2\/pages\/311\/revisions"}],"predecessor-version":[{"id":5511,"href":"https:\/\/kukkawood.com\/tr\/wp-json\/wp\/v2\/pages\/311\/revisions\/5511"}],"wp:attachment":[{"href":"https:\/\/kukkawood.com\/tr\/wp-json\/wp\/v2\/media?parent=311"}],"curies":[{"name":"wp","href":"https:\/\/api.w.org\/{rel}","templated":true}]}}