{"id":3672,"date":"2021-03-18T16:37:50","date_gmt":"2021-03-18T13:37:50","guid":{"rendered":"https:\/\/brion-vega.argeart.com.tr\/?page_id=3672"},"modified":"2022-08-19T15:05:36","modified_gmt":"2022-08-19T12:05:36","slug":"bize-ulasin","status":"publish","type":"page","link":"https:\/\/kukkawood.com\/tr\/bize-ulasin\/","title":{"rendered":"Bize Ula\u015f\u0131n"},"content":{"rendered":"<section class=\"wpb-content-wrapper\"><p>[vc_row][vc_column width=&#8221;1\/2&#8243;][zkheading text=&#8221;%5B%7B%22text_part%22%3A%22Mesaj%20B%C4%B1rak%C4%B1n%22%2C%22text_part_style%22%3A%22style1%22%7D%5D&#8221; add_image=&#8221;&#8221; add_icon=&#8221;&#8221; st_text=&#8221;%5B%7B%22sttext_part_style%22%3A%22style1%22%7D%5D&#8221; btn_type=&#8221;zk-btn&#8221;]\n<div class=\"wpcf7 no-js\" id=\"wpcf7-f318-o1\" lang=\"tr-TR\" dir=\"ltr\">\n<div class=\"screen-reader-response\"><p role=\"status\" aria-live=\"polite\" aria-atomic=\"true\"><\/p> <ul><\/ul><\/div>\n<form action=\"\/tr\/wp-json\/wp\/v2\/pages\/3672#wpcf7-f318-o1\" method=\"post\" class=\"wpcf7-form init\" aria-label=\"Contact form\" novalidate=\"novalidate\" data-status=\"init\">\n<div style=\"display: none;\">\n<input type=\"hidden\" name=\"_wpcf7\" value=\"318\" \/>\n<input type=\"hidden\" name=\"_wpcf7_version\" value=\"5.8\" \/>\n<input type=\"hidden\" name=\"_wpcf7_locale\" value=\"tr_TR\" \/>\n<input type=\"hidden\" name=\"_wpcf7_unit_tag\" value=\"wpcf7-f318-o1\" \/>\n<input type=\"hidden\" name=\"_wpcf7_container_post\" value=\"0\" \/>\n<input type=\"hidden\" name=\"_wpcf7_posted_data_hash\" value=\"\" \/>\n<\/div>\n<p><label> Ad\u0131n\u0131z Soyad\u0131n\u0131z<br \/>\n<span class=\"wpcf7-form-control-wrap\" data-name=\"adiniz-syadiniz\"><input size=\"40\" class=\"wpcf7-form-control wpcf7-text wpcf7-validates-as-required\" aria-required=\"true\" aria-invalid=\"false\" value=\"\" type=\"text\" name=\"adiniz-syadiniz\" \/><\/span> <\/label>\n<\/p>\n<p><label> E-Mail Adresiniz<br \/>\n<span class=\"wpcf7-form-control-wrap\" data-name=\"mail-adresiniz\"><input size=\"40\" class=\"wpcf7-form-control wpcf7-email wpcf7-validates-as-required wpcf7-text wpcf7-validates-as-email\" aria-required=\"true\" aria-invalid=\"false\" value=\"\" type=\"email\" name=\"mail-adresiniz\" \/><\/span> <\/label>\n<\/p>\n<p><label> Konu<br \/>\n<span class=\"wpcf7-form-control-wrap\" data-name=\"konu\"><input size=\"40\" class=\"wpcf7-form-control wpcf7-text wpcf7-validates-as-required\" aria-required=\"true\" aria-invalid=\"false\" value=\"\" type=\"text\" name=\"konu\" \/><\/span> <\/label>\n<\/p>\n<p><label> Mesaj\u0131n\u0131z<br \/>\n<span class=\"wpcf7-form-control-wrap\" data-name=\"mesajiniz\"><textarea cols=\"40\" rows=\"10\" class=\"wpcf7-form-control wpcf7-textarea wpcf7-validates-as-required\" aria-required=\"true\" aria-invalid=\"false\" name=\"mesajiniz\"><\/textarea><\/span> <\/label>\n<\/p>\n<p><input class=\"wpcf7-form-control wpcf7-submit has-spinner\" type=\"submit\" value=\"Formu G\u00f6nder\" \/>\n<\/p><div class=\"wpcf7-response-output\" aria-hidden=\"true\"><\/div>\n<\/form>\n<\/div>\n[\/vc_column][vc_column width=&#8221;1\/2&#8243;][zkheading text=&#8221;%5B%7B%22text_part%22%3A%22Adres%22%2C%22text_part_style%22%3A%22style1%22%7D%5D&#8221; add_image=&#8221;&#8221; add_icon=&#8221;&#8221; st_text=&#8221;%5B%7B%22sttext_part_style%22%3A%22style1%22%7D%5D&#8221; btn_type=&#8221;zk-btn&#8221;][vc_column_text]<\/p>\n<h4>Merkez Ofis<\/h4>\n<h5>Ulusal Elektronik Tek. San. ve Tic. A.\u015e.<\/h5>\n<p>\u0130stanbul D\u00fcnya Ticaret Merkezi<br \/>\nA3 Blok K:13 No:403-404 Ye\u015filk\u00f6y \/ \u0130stanbul<br \/>\nT\u00fcrkiye<\/p>\n<h4>Fabrika<\/h4>\n<p>Muallim K\u00f6y Cd No: 40 Marmara Metal i\u00e7i, 41400 Gebze\/Kocaeli[\/vc_column_text][zkheading text=&#8221;%5B%7B%22text_part%22%3A%22E-Posta%22%2C%22text_part_style%22%3A%22style1%22%7D%5D&#8221; add_image=&#8221;&#8221; add_icon=&#8221;&#8221; st_text=&#8221;%5B%7B%22sttext_part_style%22%3A%22style1%22%7D%5D&#8221; btn_type=&#8221;zk-btn&#8221; css=&#8221;.vc_custom_1660910653106{margin-top: 10px !important;}&#8221;][vc_column_text]<a href=\"mailto:info@kukkawood.com\">info@kukkawood.com<\/a>[\/vc_column_text][vc_gmaps link=&#8221;#E-8_JTNDaWZyYW1lJTIwc3JjJTNEJTIyaHR0cHMlM0ElMkYlMkZ3d3cuZ29vZ2xlLmNvbSUyRm1hcHMlMkZlbWJlZCUzRnBiJTNEJTIxMW0xNCUyMTFtOCUyMTFtMyUyMTFkNjAyMy41NTkyNjc1MzU1OTclMjEyZDI4LjgzMTk2NiUyMTNkNDAuOTg2MzA2JTIxM20yJTIxMWkxMDI0JTIxMmk3NjglMjE0ZjEzLjElMjEzbTMlMjExbTIlMjExczB4MTRjYWEzNjhjMmI5MDgzMyUyNTNBMHhmZmQ4ZjI0OTRjNDI3MTVmJTIxMnpXV1hGbjJsc2E4TzJlU3dneExCemRHRnVZblZzSUVURHZHNTVZU0JVYVdOaGNtVjBJRTF5YXk0c0lETTBNVFE1SUVKaGE4U3hjbXZEdG5rdnhMQnpkR0Z1WW5WcyUyMTVlMCUyMTNtMiUyMTFzdHIlMjEyc3RyJTIxNHYxNjI3MzcxOTU2NzQ0JTIxNW0yJTIxMXN0ciUyMTJzdHIlMjIlMjB3aWR0aCUzRCUyMjYwMCUyMiUyMGhlaWdodCUzRCUyMjQ1MCUyMiUyMHN0eWxlJTNEJTIyYm9yZGVyJTNBMCUzQiUyMiUyMGFsbG93ZnVsbHNjcmVlbiUzRCUyMiUyMiUyMGxvYWRpbmclM0QlMjJsYXp5JTIyJTNFJTNDJTJGaWZyYW1lJTNF&#8221; size=&#8221;280&#8243; css=&#8221;.vc_custom_1627384364126{padding-top: 40px !important;}&#8221;][\/vc_column][\/vc_row]<\/p>\n<\/section>","protected":false},"excerpt":{"rendered":"<p>[vc_column width=&#8221;1\/2&#8243;][zkheading text=&#8221;%5B%7B%22text_part%22%3A%22Mesaj%20B%C4%B1rak%C4%B1n%22%2C%22text_part_style%22%3A%22style1%22%7D%5D&#8221; add_image=&#8221;&#8221; add_icon=&#8221;&#8221; st_text=&#8221;%5B%7B%22sttext_part_style%22%3A%22style1%22%7D%5D&#8221; btn_type=&#8221;zk-btn&#8221;][\/vc_column][vc_column width=&#8221;1\/2&#8243;][zkheading text=&#8221;%5B%7B%22text_part%22%3A%22Adres%22%2C%22text_part_style%22%3A%22style1%22%7D%5D&#8221; add_image=&#8221;&#8221; add_icon=&#8221;&#8221; st_text=&#8221;%5B%7B%22sttext_part_style%22%3A%22style1%22%7D%5D&#8221; btn_type=&#8221;zk-btn&#8221;][vc_column_text] Merkez Ofis Ulusal Elektronik Tek. San. ve Tic. A.\u015e. \u0130stanbul D\u00fcnya Ticaret Merkezi A3 Blok K:13 No:403-404 Ye\u015filk\u00f6y \/ \u0130stanbul T\u00fcrkiye Fabrika Muallim K\u00f6y Cd No: 40 Marmara Metal i\u00e7i, 41400 Gebze\/Kocaeli[\/vc_column_text][zkheading text=&#8221;%5B%7B%22text_part%22%3A%22E-Posta%22%2C%22text_part_style%22%3A%22style1%22%7D%5D&#8221; add_image=&#8221;&#8221; add_icon=&#8221;&#8221; st_text=&#8221;%5B%7B%22sttext_part_style%22%3A%22style1%22%7D%5D&#8221; btn_type=&#8221;zk-btn&#8221; css=&#8221;.vc_custom_1660910653106{margin-top: 10px !important;}&#8221;][vc_column_text]info@kukkawood.com[\/vc_column_text][vc_gmaps link=&#8221;#E-8_JTNDaWZyYW1lJTIwc3JjJTNEJTIyaHR0cHMlM0ElMkYlMkZ3d3cuZ29vZ2xlLmNvbSUyRm1hcHMlMkZlbWJlZCUzRnBiJTNEJTIxMW0xNCUyMTFtOCUyMTFtMyUyMTFkNjAyMy41NTkyNjc1MzU1OTclMjEyZDI4LjgzMTk2NiUyMTNkNDAuOTg2MzA2JTIxM20yJTIxMWkxMDI0JTIxMmk3NjglMjE0ZjEzLjElMjEzbTMlMjExbTIlMjExczB4MTRjYWEzNjhjMmI5MDgzMyUyNTNBMHhmZmQ4ZjI0OTRjNDI3MTVmJTIxMnpXV1hGbjJsc2E4TzJlU3dneExCemRHRnVZblZzSUVURHZHNTVZU0JVYVdOaGNtVjBJRTF5YXk0c0lETTBNVFE1SUVKaGE4U3hjbXZEdG5rdnhMQnpkR0Z1WW5WcyUyMTVlMCUyMTNtMiUyMTFzdHIlMjEyc3RyJTIxNHYxNjI3MzcxOTU2NzQ0JTIxNW0yJTIxMXN0ciUyMTJzdHIlMjIlMjB3aWR0aCUzRCUyMjYwMCUyMiUyMGhlaWdodCUzRCUyMjQ1MCUyMiUyMHN0eWxlJTNEJTIyYm9yZGVyJTNBMCUzQiUyMiUyMGFsbG93ZnVsbHNjcmVlbiUzRCUyMiUyMiUyMGxvYWRpbmclM0QlMjJsYXp5JTIyJTNFJTNDJTJGaWZyYW1lJTNF&#8221; size=&#8221;280&#8243; [&hellip;]<\/p>\n","protected":false},"author":1,"featured_media":0,"parent":0,"menu_order":0,"comment_status":"closed","ping_status":"closed","template":"","meta":{"footnotes":""},"_links":{"self":[{"href":"https:\/\/kukkawood.com\/tr\/wp-json\/wp\/v2\/pages\/3672"}],"collection":[{"href":"https:\/\/kukkawood.com\/tr\/wp-json\/wp\/v2\/pages"}],"about":[{"href":"https:\/\/kukkawood.com\/tr\/wp-json\/wp\/v2\/types\/page"}],"author":[{"embeddable":true,"href":"https:\/\/kukkawood.com\/tr\/wp-json\/wp\/v2\/users\/1"}],"replies":[{"embeddable":true,"href":"https:\/\/kukkawood.com\/tr\/wp-json\/wp\/v2\/comments?post=3672"}],"version-history":[{"count":22,"href":"https:\/\/kukkawood.com\/tr\/wp-json\/wp\/v2\/pages\/3672\/revisions"}],"predecessor-version":[{"id":4952,"href":"https:\/\/kukkawood.com\/tr\/wp-json\/wp\/v2\/pages\/3672\/revisions\/4952"}],"wp:attachment":[{"href":"https:\/\/kukkawood.com\/tr\/wp-json\/wp\/v2\/media?parent=3672"}],"curies":[{"name":"wp","href":"https:\/\/api.w.org\/{rel}","templated":true}]}}