{"id":3566,"date":"2021-03-01T15:23:37","date_gmt":"2021-03-01T12:23:37","guid":{"rendered":"https:\/\/brion-vega.argeart.com.tr\/?post_type=product&#038;p=3566"},"modified":"2023-09-22T12:05:23","modified_gmt":"2023-09-22T09:05:23","slug":"donusturulebilir-buyuk-masa-sandalye","status":"publish","type":"product","link":"https:\/\/kukkawood.com\/tr\/urun\/donusturulebilir-buyuk-masa-sandalye\/","title":{"rendered":"KWC132 &#8211; D\u00f6n\u00fc\u015ft\u00fcr\u00fclebilir Masa ve Sandalye &#8211; B\u00fcy\u00fck"},"content":{"rendered":"<p><iframe loading=\"lazy\" title=\"KWC132 - D\u00f6n\u00fc\u015ft\u00fcr\u00fclebilir Masa ve Sandalye - B\u00fcy\u00fck \/ Wooden Convertable Table &amp; Chair\" width=\"1170\" height=\"658\" src=\"https:\/\/www.youtube.com\/embed\/nPUQcupdjrs?rel=0&#038;showinfo=0\" frameborder=\"0\" allow=\"accelerometer; autoplay; clipboard-write; encrypted-media; gyroscope; picture-in-picture; web-share\" referrerpolicy=\"strict-origin-when-cross-origin\" allowfullscreen><\/iframe><\/p>\n<p><strong>KWC132 &#8211; D\u00f6n\u00fc\u015ft\u00fcr\u00fclebilir Masa ve Sandalye<\/strong><\/p>\n<p>Kukka Masif Ah\u015fap D\u00f6n\u00fc\u015ft\u00fcr\u00fclebilir Masa ve Sandalye \u00e7ok ama\u00e7l\u0131 d\u00f6n\u00fc\u015ft\u00fcr\u00fclebilir bir montessori \u00fcr\u00fcn\u00fcd\u00fcr. \u00dcr\u00fcn hem tabure hem de masa i\u015flevini g\u00f6r\u00fcr. \u00c7ocu\u011funuz ister \u00fczerine oturarak masa ba\u015f\u0131 oyun aktivitelerini ger\u00e7ekle\u015ftirebilir isterse de \u00fcr\u00fcn\u00fc kendi ba\u015f\u0131na bir masa olarak kullanarak e\u011flenceli oyunlar oynayabilir<\/p>\n<p>\u00dcr\u00fcn masif ah\u015faptan \u00fcretilmi\u015f olup sa\u011flam ve dayan\u0131kl\u0131d\u0131r. \u015eekli ve \u00f6l\u00e7\u00fcleri itibariyle \u00e7ocu\u011funuzun odas\u0131n\u0131n hemen her k\u00f6\u015fesine yerle\u015ftirebilece\u011finiz \u015f\u0131k g\u00f6r\u00fcnt\u00fcs\u00fcyle uzun y\u0131llar kullan\u0131labilir.<\/p>\n<p>T\u00fcm kenar k\u00f6\u015fe sivri y\u00fczeyleri \u00f6zenle yumu\u015fat\u0131lm\u0131\u015f, budak veya k\u0131ym\u0131k i\u00e7ermeyen Kukka Masif Ah\u015fap D\u00f6n\u00fc\u015ft\u00fcr\u00fclebilir Masa ve Sandalye \u00e7ocu\u011funuzun g\u00fcvenle etkinliklerini ger\u00e7ekle\u015ftirebilmesi i\u00e7in uzman ekiplerce \u00fcretilmi\u015ftir.<\/p>\n<p>&nbsp;<\/p>\n<p><strong>\u00c7ocu\u011funuz B\u00fcy\u00fcyor!<\/strong><\/p>\n<p>Her ya\u015f i\u00e7in kullan\u0131ma uygun Kukka Masif Ah\u015fap D\u00f6n\u00fc\u015ft\u00fcr\u00fclebilir Masa ve Sandalye \u00e7ocu\u011funuzun ba\u011f\u0131ms\u0131z olarak oturmaya ba\u015flad\u0131\u011f\u0131 andan itibaren &#8211; genellikle 6 ayl\u0131kken bebek sandalyesi olarak hizmet eder (2 ya\u015f\u0131na kadar ebeveyn e\u015fli\u011finde kullan\u0131lmas\u0131 uygundur). \u0130lerleyen d\u00f6nemlerde yemek ve di\u011fer masa \u00fcst\u00fc etkinlikler i\u00e7in sizlere e\u015flik eden bir yard\u0131mc\u0131 g\u00f6revi g\u00f6r\u00fcr.<\/p>\n<p><strong>\u00a0<\/strong><\/p>\n<p><strong>\u00c7ocuk Geli\u015fimi ve Ba\u011f\u0131ms\u0131z Aktiviteler<\/strong><\/p>\n<p>Kukka Masif Ah\u015fap D\u00f6n\u00fc\u015ft\u00fcr\u00fclebilir Masa ve Sandalye \u00e7ocu\u011funuzun ba\u011f\u0131ms\u0131zl\u0131k benli\u011fi olu\u015fturmas\u0131, onlara sahiplik duygusu vermek i\u00e7in tasarlanm\u0131\u015ft\u0131r. \u00c7ocu\u011funuz bu \u00fcr\u00fcnle kendi oyunlar\u0131n\u0131 geli\u015ftirecek, masa ba\u015f\u0131 aktivitelerle kaba ve ince motor becerileri kazanacakt\u0131r.<\/p>\n<p><strong>\u00a0\u00a0<\/strong><\/p>\n<p><strong>\u00dcr\u00fcn Boyutlar\u0131<\/strong><\/p>\n<p>Kukka Masif Ah\u015fap D\u00f6n\u00fc\u015ft\u00fcr\u00fclebilir Masa ve Sandalye demonte olarak size ula\u015f\u0131r, kuruldu\u011funda 45,5 x 47 x 64,5 cm \u00f6l\u00e7\u00fclerine sahiptir. 2 ya\u015f \u00fczeri \u00e7ocuklar\u0131n ba\u011f\u0131ms\u0131z kullan\u0131m\u0131na uygundur.<\/p>\n<p><strong>\u00a0<\/strong><\/p>\n<p><strong>G\u00fcvenlik ve Sertifikasyon<\/strong><\/p>\n<p>Kukka markas\u0131 \u00fcr\u00fcnlerini, \u00e7ocuklar\u0131n y\u0131llarca keyifli zaman ge\u00e7irebilmesi i\u00e7in pek \u00e7ok kalite kontrol s\u00fcrecinden ge\u00e7irdikten sonra t\u00fcketicilerle bulu\u015fturmaktad\u0131r.<\/p>\n<p><strong>\u00a0<\/strong><\/p>\n<p><strong>Teknik \u00d6zellikler:<\/strong><\/p>\n<ul>\n<li>\u00dcr\u00fcn \u00d6l\u00e7\u00fcs\u00fc: 45,5 x 47 x 64,5 cm<\/li>\n<li>Masa \u00d6l\u00e7\u00fcs\u00fc: 43 x 60 cm<\/li>\n<li>Oturma Alan\u0131 \u00d6l\u00e7\u00fc: 41,5 x 60<\/li>\n<li>\u00dcr\u00fcn A\u011f\u0131rl\u0131\u011f\u0131: 6,35 kg<\/li>\n<\/ul>\n<p>&nbsp;<\/p>\n<p><strong>Bilgi:<\/strong><\/p>\n<ul>\n<li>\u00dcr\u00fcn demonte \u015fekilde taraf\u0131n\u0131za kargolanacakt\u0131r.<\/li>\n<li>\u00dcr\u00fcn\u00fcm\u00fcz ayr\u0131nt\u0131l\u0131 kurulum talimat\u0131 ile g\u00f6nderilir ve kurulumu kolayd\u0131r.<\/li>\n<\/ul>\n","protected":false},"excerpt":{"rendered":"<ul>\n<li>\u00dcr\u00fcn \u00d6l\u00e7\u00fcs\u00fc: 45,5 x 47 x 64,5 cm<\/li>\n<li>Masa \u00d6l\u00e7\u00fcs\u00fc: 43 x 60 cm<\/li>\n<li>Oturma Alan\u0131 \u00d6l\u00e7\u00fc: 41,5 x 60<\/li>\n<li>\u00dcr\u00fcn A\u011f\u0131rl\u0131\u011f\u0131: 6,35 kg<\/li>\n<\/ul>\n<p>&nbsp;<\/p>\n","protected":false},"featured_media":5234,"template":"","meta":[],"product_cat":[15],"product_tag":[],"_links":{"self":[{"href":"https:\/\/kukkawood.com\/tr\/wp-json\/wp\/v2\/product\/3566"}],"collection":[{"href":"https:\/\/kukkawood.com\/tr\/wp-json\/wp\/v2\/product"}],"about":[{"href":"https:\/\/kukkawood.com\/tr\/wp-json\/wp\/v2\/types\/product"}],"wp:featuredmedia":[{"embeddable":true,"href":"https:\/\/kukkawood.com\/tr\/wp-json\/wp\/v2\/media\/5234"}],"wp:attachment":[{"href":"https:\/\/kukkawood.com\/tr\/wp-json\/wp\/v2\/media?parent=3566"}],"wp:term":[{"taxonomy":"product_cat","embeddable":true,"href":"https:\/\/kukkawood.com\/tr\/wp-json\/wp\/v2\/product_cat?post=3566"},{"taxonomy":"product_tag","embeddable":true,"href":"https:\/\/kukkawood.com\/tr\/wp-json\/wp\/v2\/product_tag?post=3566"}],"curies":[{"name":"wp","href":"https:\/\/api.w.org\/{rel}","templated":true}]}}