{"id":3971,"date":"2021-07-05T09:54:42","date_gmt":"2021-07-05T06:54:42","guid":{"rendered":"https:\/\/kukka.argeart.com.tr\/?post_type=product&#038;p=3971"},"modified":"2023-10-03T10:01:59","modified_gmt":"2023-10-03T07:01:59","slug":"mini-piknik-masasi","status":"publish","type":"product","link":"https:\/\/kukkawood.com\/tr\/urun\/mini-piknik-masasi\/","title":{"rendered":"KWP140 &#8211; D\u0131\u015f Mekan \u00c7ocuk Piknik Masas\u0131 ve Otura\u011f\u0131"},"content":{"rendered":"<p style=\"font-weight: 400;\"><strong>KWP140 &#8211; Kukka Mini Piknik Masas\u0131<\/strong><\/p>\n<p style=\"font-weight: 400;\"><strong>\u00a0<\/strong><\/p>\n<p style=\"font-weight: 400;\">Kukka Mini Piknik Masas\u0131 \u00e7ocu\u011funuzun d\u0131\u015f mekanda t\u00fcm yemek, oyun ve \u00f6\u011frenme aktivitelerini ger\u00e7ekle\u015ftirebilece\u011finiz harika bir arkada\u015ft\u0131r.<\/p>\n<p style=\"font-weight: 400;\">Yerle\u015fik bankl\u0131 yap\u0131s\u0131, \u00e7ocu\u011funuzun boy kilosuna uyumu \u00f6l\u00e7\u00fcleri, sa\u011flam yap\u0131s\u0131 sayesinde uzun y\u0131llar g\u00fcvenle kullanabilece\u011finiz bir bah\u00e7e mobilyas\u0131d\u0131r.<\/p>\n<p style=\"font-weight: 400;\">T\u00fcm kenar k\u00f6\u015fe sivri y\u00fczeyleri \u00f6zenle yumu\u015fat\u0131lm\u0131\u015f, budak veya k\u0131ym\u0131k i\u00e7ermeyen Kukka Piknik Masas\u0131 \u00e7ocu\u011funuzun g\u00fcvenle etkinliklerini ger\u00e7ekle\u015ftirebilmesi i\u00e7in uzman ekiplerce \u00fcretilmi\u015ftir.<\/p>\n<p style=\"font-weight: 400;\"><strong>D\u0131\u015f Mekanda Yemek, Oyun ve E\u011flence<\/strong><\/p>\n<p style=\"font-weight: 400;\">Piknikler, ev \u00f6devleri, el i\u015fleri ve daha fazlas\u0131 i\u00e7in m\u00fckemmel bir y\u00fczey sa\u011flar, b\u00f6ylece \u00e7ocuklar\u0131n\u0131z birden fazla a\u00e7\u0131k hava oyun zaman\u0131 se\u00e7ene\u011fine sahip olabilir.<\/p>\n<p style=\"font-weight: 400;\"><strong>\u00a0<\/strong><\/p>\n<p style=\"font-weight: 400;\"><strong>Yerle\u015fik Banklar Sayesinde Evinizde D\u00fczen ve E\u011flence<\/strong><\/p>\n<p style=\"font-weight: 400;\">Kukka Mini Piknik Masas\u0131 \u00fczerine entegre 2 oturma alan\u0131 i\u00e7erir. Bu sayede \u00e7ocuklar\u0131n\u0131z karde\u015fleri veya arkada\u015flar\u0131yla e\u011flenceli oyunlar oynayabilir.<\/p>\n<p style=\"font-weight: 400;\"><strong>\u00a0<\/strong><\/p>\n<p style=\"font-weight: 400;\"><strong>Dayan\u0131kl\u0131 Tasar\u0131m<\/strong><\/p>\n<p style=\"font-weight: 400;\">Kukka Mini Piknik Masas\u0131 masif ah\u015fap yap\u0131lm\u0131\u015ft\u0131r ve uzun s\u00fcreli e\u011flence i\u00e7in \u00e7evre dostudur.<\/p>\n<p style=\"font-weight: 400;\"><strong>\u00a0<\/strong><\/p>\n<p style=\"font-weight: 400;\"><strong>\u00dcr\u00fcn Boyutlar\u0131<\/strong><\/p>\n<p style=\"font-weight: 400;\">Evinizde, bah\u00e7enizde veya d\u0131\u015f mekanda herhangi bir oyun alan\u0131na s\u0131\u011facak \u015fekilde \u00fcretilmi\u015f Kukka Mini Piknik Masas\u0131 kuruldu\u011funda 90 x 83,6 x 48,4 cm \u00f6l\u00e7\u00fclerine sahiptir. 3 ya\u015f \u00fczeri \u00e7ocuklar\u0131n kullan\u0131m\u0131na uygundur.<\/p>\n<p style=\"font-weight: 400;\"><strong>\u00a0<\/strong><\/p>\n<p style=\"font-weight: 400;\"><strong>G\u00fcvenlik ve Sertifikasyon<\/strong><\/p>\n<p style=\"font-weight: 400;\">Kukka markas\u0131 \u00fcr\u00fcnlerini, \u00e7ocuklar\u0131n y\u0131llarca keyifli zaman ge\u00e7irebilmesi i\u00e7in pek \u00e7ok kalite kontrol s\u00fcrecinden ge\u00e7irdikten sonra t\u00fcketicilerle bulu\u015fturmaktad\u0131r.<\/p>\n<p style=\"font-weight: 400;\">\u00a0<strong>\u00a0<\/strong><\/p>\n<p style=\"font-weight: 400;\"><strong>Teknik \u00d6zellikler:<\/strong><\/p>\n<ul style=\"font-weight: 400;\">\n<li>Piknik Masas\u0131 \u00d6l\u00e7\u00fcs\u00fc: 90 x 83,6 x 48,4 cm<\/li>\n<li>Masa \u00d6l\u00e7\u00fcs\u00fc: 35 x 90 cm<\/li>\n<li>Oturma Alan\u0131 \u00d6l\u00e7\u00fc: 17,5 x 90 cm<\/li>\n<li>\u00dcr\u00fcn A\u011f\u0131rl\u0131\u011f\u0131: 8,65 kg<\/li>\n<\/ul>\n<p style=\"font-weight: 400;\"><strong>Bilgi:<\/strong><\/p>\n<ul style=\"font-weight: 400;\">\n<li>\u00dcr\u00fcn demonte \u015fekilde taraf\u0131n\u0131za kargolanacakt\u0131r.<\/li>\n<li>\u00dcr\u00fcn\u00fcm\u00fcz ayr\u0131nt\u0131l\u0131 kurulum talimat\u0131 ile g\u00f6nderilir ve kurulumu kolayd\u0131r.<\/li>\n<\/ul>\n","protected":false},"excerpt":{"rendered":"<ul style=\"font-weight: 400;\">\n<li>Piknik Masas\u0131 \u00d6l\u00e7\u00fcs\u00fc: 90 x 83,6 x 48,4 cm<\/li>\n<li>Masa \u00d6l\u00e7\u00fcs\u00fc: 35 x 90 cm<\/li>\n<li>Oturma Alan\u0131 \u00d6l\u00e7\u00fc: 17,5 x 90 cm<\/li>\n<li>\u00dcr\u00fcn A\u011f\u0131rl\u0131\u011f\u0131: 8,65 kg<\/li>\n<\/ul>\n<p>&nbsp;<\/p>\n","protected":false},"featured_media":5080,"template":"","meta":[],"product_cat":[15],"product_tag":[],"_links":{"self":[{"href":"https:\/\/kukkawood.com\/tr\/wp-json\/wp\/v2\/product\/3971"}],"collection":[{"href":"https:\/\/kukkawood.com\/tr\/wp-json\/wp\/v2\/product"}],"about":[{"href":"https:\/\/kukkawood.com\/tr\/wp-json\/wp\/v2\/types\/product"}],"wp:featuredmedia":[{"embeddable":true,"href":"https:\/\/kukkawood.com\/tr\/wp-json\/wp\/v2\/media\/5080"}],"wp:attachment":[{"href":"https:\/\/kukkawood.com\/tr\/wp-json\/wp\/v2\/media?parent=3971"}],"wp:term":[{"taxonomy":"product_cat","embeddable":true,"href":"https:\/\/kukkawood.com\/tr\/wp-json\/wp\/v2\/product_cat?post=3971"},{"taxonomy":"product_tag","embeddable":true,"href":"https:\/\/kukkawood.com\/tr\/wp-json\/wp\/v2\/product_tag?post=3971"}],"curies":[{"name":"wp","href":"https:\/\/api.w.org\/{rel}","templated":true}]}}