{"id":3980,"date":"2021-07-05T10:04:02","date_gmt":"2021-07-05T07:04:02","guid":{"rendered":"https:\/\/kukka.argeart.com.tr\/?post_type=product&#038;p=3980"},"modified":"2024-01-22T15:20:39","modified_gmt":"2024-01-22T12:20:39","slug":"masa-ve-sandalye-seti","status":"publish","type":"product","link":"https:\/\/kukkawood.com\/tr\/urun\/masa-ve-sandalye-seti\/","title":{"rendered":"KWS100 &#8211; Masa ve Sandalye Seti"},"content":{"rendered":"<p><span style=\"vertical-align: inherit;\"><span style=\"vertical-align: inherit;\">KWS100 &#8211; Masa &amp; Sandalye Seti<\/span><\/span><\/p>\n<p><span style=\"vertical-align: inherit;\"><span style=\"vertical-align: inherit;\">Kukka Masif Ah\u015fap Masa &amp; Sandalye Seti \u00e7ok fonksiyonlu kullan\u0131m yap\u0131s\u0131 ile \u00e7ocuklar\u0131n\u0131z\u0131n en yak\u0131n arkada\u015f\u0131 olmak \u00fczere tasarlanm\u0131\u015ft\u0131r.<\/span><\/span><\/p>\n<p><span style=\"vertical-align: inherit;\"><span style=\"vertical-align: inherit;\">Kukka Masif Ah\u015fap Masa &amp; Sandalye Seti \u00e7ocuklar\u0131n\u0131z\u0131n yemek yeme, \u00e7izim boyama etkinlikleri, yapboz oyunlar\u0131, el i\u015fi \u00e7al\u0131\u015fmalar\u0131, oyun zamanlar\u0131 ve daha pek \u00e7ok etkinlik i\u00e7in kullan\u0131labilir.<\/span><\/span><\/p>\n<p><span style=\"vertical-align: inherit;\"><span style=\"vertical-align: inherit;\">\u00dcr\u00fcnlerin uzun y\u0131llar boyunca e\u011flenceli vakit ge\u00e7irmesini sa\u011flayan basit ve g\u00fcvenli bir \u00fcr\u00fcnd\u00fcr. <\/span><span style=\"vertical-align: inherit;\">Y\u00fcksek kaliteli, sa\u011flam ve dayan\u0131kl\u0131 masif sert ah\u015faptan yap\u0131lm\u0131\u015f boya ve formaldehit i\u00e7erir.<\/span><\/span><\/p>\n<p><span style=\"vertical-align: inherit;\"><span style=\"vertical-align: inherit;\"><span style=\"vertical-align: inherit;\">Kukka Masif Ah\u015fap Masa &amp; Sandalye Seti<\/span> tasar\u0131m\u0131 itibari ile minimalist bir tarza sahiptir. <\/span><span style=\"vertical-align: inherit;\">T\u00fcm k\u00f6\u015fe k\u00f6\u015fe y\u00fczeyleri hassasla\u015ft\u0131r\u0131lm\u0131\u015f yumu\u015fat\u0131lm\u0131\u015f olup, budak veya k\u0131ym\u0131k i\u00e7erir.<\/span><\/span><\/p>\n<p><span style=\"vertical-align: inherit;\"><span style=\"vertical-align: inherit;\"><span style=\"vertical-align: inherit;\">Kukka Masif Ah\u015fap Masa &amp; Sandalye Seti<\/span>, uzun \u00f6m\u00fcrl\u00fc etkinliklerini ger\u00e7ekle\u015ftirebilmek i\u00e7in uzman ekiplerce tasarland\u0131.<\/span><\/span><\/p>\n<p><span style=\"vertical-align: inherit;\"><span style=\"vertical-align: inherit;\">\u015eekli ve \u00f6l\u00e7\u00fcleri sayesinde evinizin hemen her k\u00f6\u015fesine yerle\u015ftirebilece\u011finiz \u015f\u0131k g\u00f6r\u00fcnt\u00fcs\u00fcyle uzun y\u0131llar kullan\u0131labilir.<\/span><\/span><\/p>\n<p><span style=\"vertical-align: inherit;\"><span style=\"vertical-align: inherit;\">\u00c7ok Fonksiyonlu Kullan\u0131m <\/span><\/span><br \/>\n<span style=\"vertical-align: inherit;\"><span style=\"vertical-align: inherit;\">Kukka Masif Ah\u015fap Masa &amp; Sandalye Seti bir adet kay\u0131tl\u0131 masa ve iki adet sandalyeden olu\u015fmaktad\u0131r. <\/span><span style=\"vertical-align: inherit;\">Modern ve \u015f\u0131k tasar\u0131m\u0131 ile hem \u00e7ocuk uzatma hem de evinizin genel kullan\u0131m alanlar\u0131 mevcuttur.<\/span><\/span><\/p>\n<p><span style=\"vertical-align: inherit;\"><span style=\"vertical-align: inherit;\">Yarat\u0131c\u0131 Aktiviteler \u0130\u00e7in Harika Bir Arkada\u015f <\/span><\/span><br \/>\n<span style=\"vertical-align: inherit;\"><span style=\"vertical-align: inherit;\">Kukka Masif Ah\u015fap Masa &amp; Sandalye Seti 3 &#8211; 7 ya\u015f aras\u0131 \u00e7ocuklar i\u00e7in m\u00fckemmel bir arkada\u015ft\u0131r.<\/span><\/span><\/p>\n<p><span style=\"vertical-align: inherit;\"><span style=\"vertical-align: inherit;\">Tamamen \u00e7ocu\u011fa ait olacak olan, yarataca\u011f\u0131n\u0131z \u00f6zel alanla yarat\u0131c\u0131l\u0131\u011f\u0131n\u0131 ortaya \u00e7\u0131karan, teorik deste\u011fin sa\u011flanmas\u0131n\u0131n ger\u00e7ekle\u015ftirilmesine olanak sa\u011flayabilirsiniz.<\/span><\/span><\/p>\n<p><span style=\"vertical-align: inherit;\"><span style=\"vertical-align: inherit;\">Ba\u011f\u0131ms\u0131z benli\u011fini geli\u015ftirme, sahiplik duygusu edinme amac\u0131yla tasarlanan Kukka Masif Ah\u015fap Masa &amp; Sandalye Seti, kaba ve ince motorun kazan\u0131lmas\u0131na yard\u0131mc\u0131 olur.<\/span><\/span><\/p>\n<p><span style=\"vertical-align: inherit;\"><span style=\"vertical-align: inherit;\">\u00dcr\u00fcn Boyutlar\u0131 <\/span><\/span><br \/>\n<span style=\"vertical-align: inherit;\"><span style=\"vertical-align: inherit;\">Kukka Masif Ah\u015fap Masa &amp; Sandalye Seti demonte olarak boyutlara ula\u015f\u0131r, setin masas\u0131 48,1 x 63 x 45 cm, sandalyesi 28 x 28 x 50 cm \u00f6l\u00e7\u00fclerine sahiptir. <\/span><span style=\"vertical-align: inherit;\">3 &#8211; 7 ya\u015f aras\u0131 \u00e7ocuklar\u0131n ba\u011f\u0131ms\u0131z kullan\u0131m\u0131na uygundur.<\/span><\/span><\/p>\n<p><span style=\"vertical-align: inherit;\"><span style=\"vertical-align: inherit;\">G\u00fcvenlik ve Sertifikasyon <\/span><\/span><br \/>\n<span style=\"vertical-align: inherit;\"><span style=\"vertical-align: inherit;\">Kukka markas\u0131 \u00fcr\u00fcnleri, geni\u015f kapsaml\u0131, uzun \u00f6m\u00fcrl\u00fc zaman ge\u00e7irilebilmesi i\u00e7in pek \u00e7ok kalite kontrol s\u00fcrecinin uzayan ve sonra k\u00fclt\u00fcrel olarak kar\u015f\u0131lanmas\u0131d\u0131r.<\/span><\/span><\/p>\n<p><span style=\"vertical-align: inherit;\"><span style=\"vertical-align: inherit;\">Teknik \u00d6zellikler: <\/span><\/span><br \/>\n<span style=\"vertical-align: inherit;\"><span style=\"vertical-align: inherit;\">\u2022 Masa \u00d6l\u00e7\u00fcs\u00fc: 48,1 x 63 x 45 cm <\/span><\/span><br \/>\n<span style=\"vertical-align: inherit;\"><span style=\"vertical-align: inherit;\">\u2022 Sandalye \u00d6l\u00e7\u00fcleri: 28 x 28 x 50 cm <\/span><\/span><br \/>\n<span style=\"vertical-align: inherit;\"><span style=\"vertical-align: inherit;\">\u2022 Masa A\u011f\u0131rl\u0131\u011f\u0131: 2,55 kg <\/span><\/span><br \/>\n<span style=\"vertical-align: inherit;\"><span style=\"vertical-align: inherit;\">\u2022 Sandalye A\u011f\u0131rl\u0131\u011f\u0131: 1,125 kg<\/span><\/span><\/p>\n<p><span style=\"vertical-align: inherit;\"><span style=\"vertical-align: inherit;\">Bilgi: <\/span><\/span><br \/>\n<span style=\"vertical-align: inherit;\"><span style=\"vertical-align: inherit;\">\u2022 \u00dcr\u00fcn demonte \u015fekilde taraf\u0131n\u0131za kargolanacakt\u0131r. <\/span><\/span><br \/>\n<span style=\"vertical-align: inherit;\"><span style=\"vertical-align: inherit;\">\u2022 \u00dcr\u00fcn\u00fcm\u00fcz\u00fcn ayr\u0131nt\u0131l\u0131 kurulum talimat\u0131 ile sa\u011flan\u0131r ve kurulum kolayl\u0131\u011f\u0131.<\/span><\/span><\/p>\n","protected":false},"excerpt":{"rendered":"<p>&nbsp;<\/p>\n<p><span style=\"vertical-align: inherit;\"><span style=\"vertical-align: inherit;\">\u2022 Masa \u00d6l\u00e7\u00fcs\u00fc: 48,1 x 63 x 45 cm <\/span><\/span><br \/>\n<span style=\"vertical-align: inherit;\"><span style=\"vertical-align: inherit;\">\u2022 Sandalye \u00d6l\u00e7\u00fcleri: 28 x 28 x 50 cm <\/span><\/span><br \/>\n<span style=\"vertical-align: inherit;\"><span style=\"vertical-align: inherit;\">\u2022 Masa A\u011f\u0131rl\u0131\u011f\u0131: 2,55 kg <\/span><\/span><br \/>\n<span style=\"vertical-align: inherit;\"><span style=\"vertical-align: inherit;\">\u2022 Sandalye A\u011f\u0131rl\u0131\u011f\u0131: 1,125 kg<\/span><\/span><\/p>\n","protected":false},"featured_media":5345,"template":"","meta":[],"product_cat":[15],"product_tag":[],"_links":{"self":[{"href":"https:\/\/kukkawood.com\/tr\/wp-json\/wp\/v2\/product\/3980"}],"collection":[{"href":"https:\/\/kukkawood.com\/tr\/wp-json\/wp\/v2\/product"}],"about":[{"href":"https:\/\/kukkawood.com\/tr\/wp-json\/wp\/v2\/types\/product"}],"wp:featuredmedia":[{"embeddable":true,"href":"https:\/\/kukkawood.com\/tr\/wp-json\/wp\/v2\/media\/5345"}],"wp:attachment":[{"href":"https:\/\/kukkawood.com\/tr\/wp-json\/wp\/v2\/media?parent=3980"}],"wp:term":[{"taxonomy":"product_cat","embeddable":true,"href":"https:\/\/kukkawood.com\/tr\/wp-json\/wp\/v2\/product_cat?post=3980"},{"taxonomy":"product_tag","embeddable":true,"href":"https:\/\/kukkawood.com\/tr\/wp-json\/wp\/v2\/product_tag?post=3980"}],"curies":[{"name":"wp","href":"https:\/\/api.w.org\/{rel}","templated":true}]}}