{"id":4521,"date":"2021-08-07T19:16:01","date_gmt":"2021-08-07T16:16:01","guid":{"rendered":"https:\/\/kukkawood.com\/?post_type=product&#038;p=4521"},"modified":"2023-09-20T15:21:06","modified_gmt":"2023-09-20T12:21:06","slug":"mini-sallanan-sandalye","status":"publish","type":"product","link":"https:\/\/kukkawood.com\/tr\/urun\/mini-sallanan-sandalye\/","title":{"rendered":"KWR110 &#8211; Mini Sallanan Sandalye"},"content":{"rendered":"<p><iframe loading=\"lazy\" title=\"KWR110 \u2013 Mini Sallanan Sandalye\" width=\"1170\" height=\"658\" src=\"https:\/\/www.youtube.com\/embed\/5sIQ3_OIgiQ?rel=0&#038;showinfo=0\" frameborder=\"0\" allow=\"accelerometer; autoplay; clipboard-write; encrypted-media; gyroscope; picture-in-picture; web-share\" referrerpolicy=\"strict-origin-when-cross-origin\" allowfullscreen><\/iframe><\/p>\n<p style=\"font-weight: 400;\"><strong>KWR110 &#8211; Mini Sallanan Sandalye<\/strong><\/p>\n<p style=\"font-weight: 400;\"><strong>\u00a0<\/strong>Kukka Masif Ah\u015fap Mini Sallanan Sandalye \u00e7ocu\u011funuzun uzun y\u0131llar boyunca e\u011flenceli zamanlar ge\u00e7irmesini sa\u011flayan basit ve g\u00fcvenli bir \u00fcr\u00fcnd\u00fcr. Y\u00fcksek kaliteli, sa\u011flam ve dayan\u0131kl\u0131 masif sert ah\u015faptan yap\u0131lm\u0131\u015ft\u0131r boya ve formaldehit i\u00e7ermez.<\/p>\n<p style=\"font-weight: 400;\">Kukka Masif Ah\u015fap Mini Sallanan Sandalye tasar\u0131m\u0131 itibari ile minimalist bir tarza sahiptir. T\u00fcm kenar k\u00f6\u015fe sivri y\u00fczeyleri \u00f6zenle yumu\u015fat\u0131lm\u0131\u015f olup, budak veya k\u0131ym\u0131k i\u00e7ermez.<\/p>\n<p style=\"font-weight: 400;\">Kukka Masif Ah\u015fap Mini Sallanan Sandalye \u00e7ocu\u011funuzun g\u00fcvenle etkinliklerini ger\u00e7ekle\u015ftirebilmesi i\u00e7in uzman ekiplerce \u00fcretilmi\u015ftir.<\/p>\n<p style=\"font-weight: 400;\">\u015eekli ve \u00f6l\u00e7\u00fcleri itibariyle evinizin hemen her k\u00f6\u015fesine yerle\u015ftirebilece\u011finiz \u015f\u0131k g\u00f6r\u00fcnt\u00fcs\u00fcyle uzun y\u0131llar kullan\u0131labilir.<\/p>\n<p style=\"font-weight: 400;\"><strong>Kukka Masif Ah\u015fap Mini Sallanan Sandalye \u0130le M\u00fckemmel Bir G\u00fcn!<\/strong><\/p>\n<p style=\"font-weight: 400;\">Kukka Masif Ah\u015fap Mini Sallanan Sandalye ile ister \u00e7ocu\u011funuzun oyun alan\u0131nda isterseniz de g\u00fcne\u015fli bir g\u00fcnde d\u0131\u015f mekanda g\u00fcn\u00fcn tad\u0131n\u0131 \u00e7\u0131karmak i\u00e7in m\u00fckemmel bir arkada\u015ft\u0131r. Sa\u011flam ve dayan\u0131kl\u0131 yap\u0131s\u0131, yumu\u015fak sallanma i\u015flevi ile Kukka Masif Ah\u015fap Mini Sallanan Sandalye uzun y\u0131llar size ve \u00e7ocu\u011funuza e\u015flik edecek bir \u00fcr\u00fcnd\u00fcr.<\/p>\n<p style=\"font-weight: 400;\"><strong>\u00a0<\/strong><\/p>\n<p style=\"font-weight: 400;\"><strong>\u00c7ocuk Geli\u015fimi ve Ba\u011f\u0131ms\u0131z Aktiviteler<\/strong><\/p>\n<p style=\"font-weight: 400;\">Kukka Masif Ah\u015fap Mini Sallanan Sandalye \u00e7ocu\u011funuzun ba\u011f\u0131ms\u0131zl\u0131k benli\u011fi olu\u015fturmas\u0131, onlara sahiplik duygusu vermek i\u00e7in tasarlanm\u0131\u015ft\u0131r. \u00c7ocu\u011funuz bu \u00fcr\u00fcnle kendi oyunlar\u0131n\u0131 geli\u015ftirecek, kaba ve ince motor becerileri kazanacakt\u0131r.<\/p>\n<p style=\"font-weight: 400;\"><strong>\u00a0\u00a0<\/strong><\/p>\n<p style=\"font-weight: 400;\"><strong>\u00dcr\u00fcn Boyutlar\u0131<\/strong><\/p>\n<p style=\"font-weight: 400;\">Kukka Masif Ah\u015fap Mini Sallanan Sandalye demonte olarak size ula\u015f\u0131r, kuruldu\u011funda 70 x 38,1 x 58,7 cm \u00f6l\u00e7\u00fclerine sahiptir. 3 &#8211; 6 ya\u015f aras\u0131 \u00e7ocuklar\u0131n ba\u011f\u0131ms\u0131z kullan\u0131m\u0131na uygundur.<\/p>\n<p style=\"font-weight: 400;\"><strong>\u00a0<\/strong><\/p>\n<p style=\"font-weight: 400;\"><strong>G\u00fcvenlik ve Sertifikasyon<\/strong><\/p>\n<p style=\"font-weight: 400;\">Kukka markas\u0131 \u00fcr\u00fcnlerini, \u00e7ocuklar\u0131n y\u0131llarca keyifli zaman ge\u00e7irebilmesi i\u00e7in pek \u00e7ok kalite kontrol s\u00fcrecinden ge\u00e7irdikten sonra t\u00fcketicilerle bulu\u015fturmaktad\u0131r.<\/p>\n<p style=\"font-weight: 400;\">\u00a0<strong>\u00a0<\/strong><\/p>\n<p style=\"font-weight: 400;\"><strong>Teknik \u00d6zellikler:<\/strong><\/p>\n<ul style=\"font-weight: 400;\">\n<li>\u00dcr\u00fcn \u00d6l\u00e7\u00fcs\u00fc: 70 x 38,1 x 58,7 cm<\/li>\n<li>Oturma Alan\u0131 \u00d6l\u00e7\u00fc: 34,5 x 22,7 cm<\/li>\n<li>\u00dcr\u00fcn A\u011f\u0131rl\u0131\u011f\u0131: 3,6 kg<\/li>\n<\/ul>\n<p style=\"font-weight: 400;\"><strong>Bilgi:<\/strong><\/p>\n<ul style=\"font-weight: 400;\">\n<li>\u00dcr\u00fcn demonte \u015fekilde taraf\u0131n\u0131za kargolanacakt\u0131r.<\/li>\n<li>\u00dcr\u00fcn\u00fcm\u00fcz ayr\u0131nt\u0131l\u0131 kurulum talimat\u0131 ile g\u00f6nderilir ve kurulumu kolayd\u0131r.<\/li>\n<\/ul>\n","protected":false},"excerpt":{"rendered":"<ul style=\"font-weight: 400;\">\n<li>\u00dcr\u00fcn \u00d6l\u00e7\u00fcs\u00fc: 70 x 38,1 x 58,7 cm<\/li>\n<li>Oturma Alan\u0131 \u00d6l\u00e7\u00fc: 34,5 x 22,7 cm<\/li>\n<li>\u00dcr\u00fcn A\u011f\u0131rl\u0131\u011f\u0131: 3,6 kg<\/li>\n<\/ul>\n","protected":false},"featured_media":5256,"template":"","meta":[],"product_cat":[15],"product_tag":[],"_links":{"self":[{"href":"https:\/\/kukkawood.com\/tr\/wp-json\/wp\/v2\/product\/4521"}],"collection":[{"href":"https:\/\/kukkawood.com\/tr\/wp-json\/wp\/v2\/product"}],"about":[{"href":"https:\/\/kukkawood.com\/tr\/wp-json\/wp\/v2\/types\/product"}],"wp:featuredmedia":[{"embeddable":true,"href":"https:\/\/kukkawood.com\/tr\/wp-json\/wp\/v2\/media\/5256"}],"wp:attachment":[{"href":"https:\/\/kukkawood.com\/tr\/wp-json\/wp\/v2\/media?parent=4521"}],"wp:term":[{"taxonomy":"product_cat","embeddable":true,"href":"https:\/\/kukkawood.com\/tr\/wp-json\/wp\/v2\/product_cat?post=4521"},{"taxonomy":"product_tag","embeddable":true,"href":"https:\/\/kukkawood.com\/tr\/wp-json\/wp\/v2\/product_tag?post=4521"}],"curies":[{"name":"wp","href":"https:\/\/api.w.org\/{rel}","templated":true}]}}