{"id":4617,"date":"2021-12-17T13:29:18","date_gmt":"2021-12-17T10:29:18","guid":{"rendered":"https:\/\/kukkawood.com\/?post_type=product&#038;p=4617"},"modified":"2023-09-20T15:14:32","modified_gmt":"2023-09-20T12:14:32","slug":"cok-amacli-ahsap-masa","status":"publish","type":"product","link":"https:\/\/kukkawood.com\/tr\/urun\/cok-amacli-ahsap-masa\/","title":{"rendered":"KWC135 &#8211; \u00c7ok Ama\u00e7l\u0131 Ah\u015fap Masa"},"content":{"rendered":"<p><iframe loading=\"lazy\" title=\"KWC135 - \u00c7ok Ama\u00e7l\u0131 Ah\u015fap Masa\" width=\"1170\" height=\"658\" src=\"https:\/\/www.youtube.com\/embed\/SqRZ819GKsI?rel=0&#038;showinfo=0\" frameborder=\"0\" allow=\"accelerometer; autoplay; clipboard-write; encrypted-media; gyroscope; picture-in-picture; web-share\" referrerpolicy=\"strict-origin-when-cross-origin\" allowfullscreen><\/iframe><\/p>\n","protected":false},"excerpt":{"rendered":"<p>&nbsp;<\/p>\n<p>&nbsp;<\/p>\n","protected":false},"featured_media":5341,"template":"","meta":[],"product_cat":[15],"product_tag":[],"_links":{"self":[{"href":"https:\/\/kukkawood.com\/tr\/wp-json\/wp\/v2\/product\/4617"}],"collection":[{"href":"https:\/\/kukkawood.com\/tr\/wp-json\/wp\/v2\/product"}],"about":[{"href":"https:\/\/kukkawood.com\/tr\/wp-json\/wp\/v2\/types\/product"}],"wp:featuredmedia":[{"embeddable":true,"href":"https:\/\/kukkawood.com\/tr\/wp-json\/wp\/v2\/media\/5341"}],"wp:attachment":[{"href":"https:\/\/kukkawood.com\/tr\/wp-json\/wp\/v2\/media?parent=4617"}],"wp:term":[{"taxonomy":"product_cat","embeddable":true,"href":"https:\/\/kukkawood.com\/tr\/wp-json\/wp\/v2\/product_cat?post=4617"},{"taxonomy":"product_tag","embeddable":true,"href":"https:\/\/kukkawood.com\/tr\/wp-json\/wp\/v2\/product_tag?post=4617"}],"curies":[{"name":"wp","href":"https:\/\/api.w.org\/{rel}","templated":true}]}}