{"id":4690,"date":"2021-12-17T17:10:34","date_gmt":"2021-12-17T14:10:34","guid":{"rendered":"https:\/\/kukkawood.com\/?post_type=product&#038;p=4690"},"modified":"2023-09-20T15:11:55","modified_gmt":"2023-09-20T12:11:55","slug":"dogal-ahsap-ogrenme-kulesi","status":"publish","type":"product","link":"https:\/\/kukkawood.com\/tr\/urun\/dogal-ahsap-ogrenme-kulesi\/","title":{"rendered":"KWL170 &#8211; Montessori Ah\u015fap \u00d6\u011frenme Kulesi"},"content":{"rendered":"<p><iframe loading=\"lazy\" title=\"YouTube video player\" src=\"https:\/\/www.youtube.com\/embed\/f6geCiViAoM\" width=\"560\" height=\"315\" frameborder=\"0\" allowfullscreen=\"allowfullscreen\"><\/iframe><\/p>\n<p>KWL 170 &#8211; Kukka Do\u011fal Ah\u015fap \u00d6\u011frenme Kulesi<\/p>\n<p>\u00c7ocu\u011funuzun mutfa\u011f\u0131n\u0131zda sizinle birlikte \u00f6\u011frenmesini ve e\u011flenmesini ister misiniz? O zaman Kukka Do\u011fal Ah\u015fap \u00d6\u011frenme Kulesi tam size g\u00f6re!<\/p>\n<p>Kukka Do\u011fal Ah\u015fap \u00d6\u011frenme Kulesi ile \u00e7ocu\u011funuz sizi taklit ederek \u00f6\u011frenecek, evinizde keyifli vakit ge\u00e7ireceksiniz.<\/p>\n<p>Kukka Do\u011fal Ah\u015fap \u00d6\u011frenme Kulesi, merakl\u0131 \u00e7ocuklar i\u00e7in m\u00fckemmel bir arkada\u015ft\u0131r. \u00c7ocu\u011funuzu isterseniz tezgah seviyesine y\u00fckselterek yemek pi\u015firme becerileri edinmesine ve mutfa\u011f\u0131n\u0131z\u0131 bir \u00f6\u011frenme alan\u0131 haline getirmesine, isterseniz de banyo veya tuvaletinizde lavabo seviyesine y\u00fckselterek kendi ba\u015f\u0131na ellerini y\u0131kama, kendi ba\u015f\u0131na di\u015f f\u0131r\u00e7alama gibi \u00f6z bak\u0131m becerileri kazanmas\u0131na destek olur. Yere dik a\u00e7\u0131yla mutfak tezgah\u0131na veya lavabonuza m\u00fckemmel \u015fekilde hizalan\u0131r.<\/p>\n<p>\u015eekli ve \u00f6l\u00e7\u00fcleri itibariyle evinizin hemen her k\u00f6\u015fesine yerle\u015ftirebilece\u011finiz \u015f\u0131k g\u00f6r\u00fcnt\u00fcs\u00fcyle uzun y\u0131llar kullan\u0131labilir.<\/p>\n<p>T\u00fcm kenar k\u00f6\u015fe sivri y\u00fczeyleri \u00f6zenle yumu\u015fat\u0131lm\u0131\u015f, budak veya k\u0131ym\u0131k i\u00e7ermeyen Kukka Do\u011fal Ah\u015fap \u00d6\u011frenme Kulesi \u00e7ocu\u011funuzun g\u00fcvenle etkinliklerini ger\u00e7ekle\u015ftirebilmesi i\u00e7in uzman ekiplerce \u00fcretilmi\u015ftir.<\/p>\n<p>\u00c7ocu\u011funuz B\u00fcy\u00fcyor!<br \/>\nKukka Do\u011fal Ah\u015fap \u00d6\u011frenme Kulesi, \u00e7ocuklar\u0131n ba\u011f\u0131ms\u0131z ki\u015fisel bak\u0131m becerilerini geli\u015ftirmek i\u00e7in g\u00fcvenilir bir yard\u0131mc\u0131d\u0131r. Miniklerin meraklar\u0131n\u0131 gidermeye yard\u0131mc\u0131 olur. Kukka Do\u011fal Ah\u015fap \u00d6\u011frenme Kulesi ile \u00e7ocu\u011funuz kendi ba\u015f\u0131na ellerini y\u0131kayabilir, di\u015flerini f\u0131r\u00e7alayabilir, sebze ve meyveleri birlikte y\u0131kayabilir ve g\u00fcnl\u00fck i\u015flerinizde size yard\u0131m edebilir. \u00dcr\u00fcn\u00fcm\u00fcz miniklerin meraklar\u0131n\u0131 giderecek ve merak dolu bireyler olarak geli\u015fmesine yard\u0131mc\u0131 olacakt\u0131r.<\/p>\n<p>Sa\u011flaml\u0131k ve G\u00fcvenilirlik<br \/>\nKukka Do\u011fal Ah\u015fap \u00d6\u011frenme Kulesi, y\u00fcksek kalitede \u00fcretilmi\u015f, uzun \u00f6m\u00fcrl\u00fc bir \u00fcr\u00fcnd\u00fcr. Masif ah\u015fap malzemeden \u00fcretilmi\u015ftir ve toksik malzeme i\u00e7ermez. Tamamen do\u011fal ve sa\u011fl\u0131kl\u0131d\u0131r. 4 taraf\u0131 korumal\u0131 ve g\u00fcvenlidir. Devrilme engelleyici destekler sayesinde \u00e7ocu\u011funuzun g\u00fcvenli\u011fi sa\u011flan\u0131r. 18 aydan itibaren kullan\u0131labilir ve \u00e7ocu\u011funuzun geli\u015fimine uygun \u015fekilde 3 farkl\u0131 y\u00fcksekli\u011fe ayarlanabilir.<\/p>\n<p>\u00dcr\u00fcn Boyutlar\u0131<br \/>\nKukka Do\u011fal Ah\u015fap \u00d6\u011frenme Kulesi demonte olarak size ula\u015f\u0131r, kuruldu\u011funda 50,2 x 43,9 x 90 cm \u00f6l\u00e7\u00fclerine sahiptir. Montaj\u0131 kolayd\u0131r ve birka\u00e7 dakika i\u00e7inde kurulabilir<\/p>\n<p>G\u00fcvenlik ve Sertifikasyon<br \/>\nKukka markas\u0131 \u00fcr\u00fcnlerini, \u00e7ocuklar\u0131n y\u0131llarca keyifli zaman ge\u00e7irebilmesi i\u00e7in pek \u00e7ok kalite kontrol s\u00fcrecinden ge\u00e7irdikten sonra t\u00fcketicilerle bulu\u015fturmaktad\u0131r.<\/p>\n<p>Teknik \u00d6zellikler:<br \/>\n\u2022 \u00dcr\u00fcn \u00d6l\u00e7\u00fcs\u00fc: 50,2 x 43,9 x 90 cm<br \/>\n\u2022 1. Basamak \u00d6l\u00e7\u00fcs\u00fc: 29,7 x 35<br \/>\n\u2022 2. Basamak \u00d6l\u00e7\u00fcs\u00fc: 19,6 x 42<br \/>\n\u2022 \u00dcr\u00fcn A\u011f\u0131rl\u0131\u011f\u0131: 5,65 kg<\/p>\n<p>Bilgi:<br \/>\n\u2022 \u00dcr\u00fcn demonte \u015fekilde taraf\u0131n\u0131za kargolanacakt\u0131r.<br \/>\n\u2022 \u00dcr\u00fcn\u00fcm\u00fcz ayr\u0131nt\u0131l\u0131 kurulum talimat\u0131 ile g\u00f6nderilir ve kurulumu kolayd\u0131r.<\/p>\n","protected":false},"excerpt":{"rendered":"<p>&nbsp;<\/p>\n<p>\u2022 \u00dcr\u00fcn \u00d6l\u00e7\u00fcs\u00fc: 50,2 x 43,9 x 90 cm<br \/>\n\u2022 1. Basamak \u00d6l\u00e7\u00fcs\u00fc: 29,7 x 35<br \/>\n\u2022 2. Basamak \u00d6l\u00e7\u00fcs\u00fc: 19,6 x 42<br \/>\n\u2022 \u00dcr\u00fcn A\u011f\u0131rl\u0131\u011f\u0131: 5,65 kg<\/p>\n","protected":false},"featured_media":5343,"template":"","meta":[],"product_cat":[15],"product_tag":[],"_links":{"self":[{"href":"https:\/\/kukkawood.com\/tr\/wp-json\/wp\/v2\/product\/4690"}],"collection":[{"href":"https:\/\/kukkawood.com\/tr\/wp-json\/wp\/v2\/product"}],"about":[{"href":"https:\/\/kukkawood.com\/tr\/wp-json\/wp\/v2\/types\/product"}],"wp:featuredmedia":[{"embeddable":true,"href":"https:\/\/kukkawood.com\/tr\/wp-json\/wp\/v2\/media\/5343"}],"wp:attachment":[{"href":"https:\/\/kukkawood.com\/tr\/wp-json\/wp\/v2\/media?parent=4690"}],"wp:term":[{"taxonomy":"product_cat","embeddable":true,"href":"https:\/\/kukkawood.com\/tr\/wp-json\/wp\/v2\/product_cat?post=4690"},{"taxonomy":"product_tag","embeddable":true,"href":"https:\/\/kukkawood.com\/tr\/wp-json\/wp\/v2\/product_tag?post=4690"}],"curies":[{"name":"wp","href":"https:\/\/api.w.org\/{rel}","templated":true}]}}