{"id":5200,"date":"2023-06-15T00:56:02","date_gmt":"2023-06-14T21:56:02","guid":{"rendered":"https:\/\/kukkawood.com\/urun\/kfb510\/"},"modified":"2023-09-29T11:41:33","modified_gmt":"2023-09-29T08:41:33","slug":"kfb510-dogal-ahsap-basucu-besigi","status":"publish","type":"product","link":"https:\/\/kukkawood.com\/tr\/urun\/kfb510-dogal-ahsap-basucu-besigi\/","title":{"rendered":"KFB510 &#8211; Do\u011fal Ah\u015fap Ba\u015fucu Be\u015fi\u011fi"},"content":{"rendered":"","protected":false},"excerpt":{"rendered":"","protected":false},"featured_media":5434,"template":"","meta":[],"product_cat":[15],"product_tag":[],"_links":{"self":[{"href":"https:\/\/kukkawood.com\/tr\/wp-json\/wp\/v2\/product\/5200"}],"collection":[{"href":"https:\/\/kukkawood.com\/tr\/wp-json\/wp\/v2\/product"}],"about":[{"href":"https:\/\/kukkawood.com\/tr\/wp-json\/wp\/v2\/types\/product"}],"wp:featuredmedia":[{"embeddable":true,"href":"https:\/\/kukkawood.com\/tr\/wp-json\/wp\/v2\/media\/5434"}],"wp:attachment":[{"href":"https:\/\/kukkawood.com\/tr\/wp-json\/wp\/v2\/media?parent=5200"}],"wp:term":[{"taxonomy":"product_cat","embeddable":true,"href":"https:\/\/kukkawood.com\/tr\/wp-json\/wp\/v2\/product_cat?post=5200"},{"taxonomy":"product_tag","embeddable":true,"href":"https:\/\/kukkawood.com\/tr\/wp-json\/wp\/v2\/product_tag?post=5200"}],"curies":[{"name":"wp","href":"https:\/\/api.w.org\/{rel}","templated":true}]}}