{"id":5304,"date":"2023-07-20T13:42:12","date_gmt":"2023-07-20T10:42:12","guid":{"rendered":"https:\/\/kukkawood.com\/urun\/ntr161\/"},"modified":"2023-09-20T15:29:47","modified_gmt":"2023-09-20T12:29:47","slug":"ntr161-dogal-ahsap-katlanir-besik-60x120-cm","status":"publish","type":"product","link":"https:\/\/kukkawood.com\/tr\/urun\/ntr161-dogal-ahsap-katlanir-besik-60x120-cm\/","title":{"rendered":"NTR161 &#8211; Do\u011fal Ah\u015fap Katlan\u0131r Be\u015fik 60&#215;120 cm"},"content":{"rendered":"","protected":false},"excerpt":{"rendered":"","protected":false},"featured_media":5402,"template":"","meta":[],"product_cat":[15],"product_tag":[],"_links":{"self":[{"href":"https:\/\/kukkawood.com\/tr\/wp-json\/wp\/v2\/product\/5304"}],"collection":[{"href":"https:\/\/kukkawood.com\/tr\/wp-json\/wp\/v2\/product"}],"about":[{"href":"https:\/\/kukkawood.com\/tr\/wp-json\/wp\/v2\/types\/product"}],"wp:featuredmedia":[{"embeddable":true,"href":"https:\/\/kukkawood.com\/tr\/wp-json\/wp\/v2\/media\/5402"}],"wp:attachment":[{"href":"https:\/\/kukkawood.com\/tr\/wp-json\/wp\/v2\/media?parent=5304"}],"wp:term":[{"taxonomy":"product_cat","embeddable":true,"href":"https:\/\/kukkawood.com\/tr\/wp-json\/wp\/v2\/product_cat?post=5304"},{"taxonomy":"product_tag","embeddable":true,"href":"https:\/\/kukkawood.com\/tr\/wp-json\/wp\/v2\/product_tag?post=5304"}],"curies":[{"name":"wp","href":"https:\/\/api.w.org\/{rel}","templated":true}]}}