{"id":5463,"date":"2022-09-28T11:02:24","date_gmt":"2022-09-28T08:02:24","guid":{"rendered":"https:\/\/kukkawood.com\/urun\/ntr420-dogal-ahsap-2-kademeli-besik-70x140-cm-2\/"},"modified":"2023-09-20T15:26:43","modified_gmt":"2023-09-20T12:26:43","slug":"ntr420-dogal-ahsap-2-kademeli-besik-70x140-cm-2","status":"publish","type":"product","link":"https:\/\/kukkawood.com\/tr\/urun\/ntr420-dogal-ahsap-2-kademeli-besik-70x140-cm-2\/","title":{"rendered":"NTR420 \u2013 Do\u011fal Ah\u015fap 2-Kademeli Be\u015fik 70\u00d7140 cm"},"content":{"rendered":"<p><strong>NTR420 \u2013 Kukka Do\u011fal Ah\u015fap 2 Kademeli Be\u015fik\u00a0 (70\u00d7140 cm)<\/strong><\/p>\n<p><strong>\u00a0<\/strong><\/p>\n<p>Kukka Do\u011fal Ah\u015fap 2 Kademeli Be\u015fik do\u011fall\u0131\u011f\u0131 ve kullan\u0131\u015fl\u0131l\u0131\u011f\u0131 hem bebe\u011finiz hem de sizin i\u00e7in bir araya getiriyor. Bebe\u011finiz ile birlikte b\u00fcy\u00fcyen Kukka Do\u011fal Ah\u015fap 2 Kademeli Be\u015fik bebe\u011finizin geli\u015fimi ile paralel \u015fekilde ayarlanabilir seviyesi ile g\u00fcvenli ve uzun kullan\u0131m \u00f6mr\u00fc vaat ediyor.<\/p>\n<p>&nbsp;<\/p>\n<p>Minimalist tasar\u0131m\u0131, t\u00fcm sivri y\u00fczeyleri \u00f6zenle yumu\u015fat\u0131lm\u0131\u015f dokusu ve budak, k\u0131ym\u0131k i\u00e7ermeyen kaliteli masif ah\u015fap hammaddesi ile Kukka Do\u011fal Ah\u015fap 2 Kademeli Be\u015fik \u00e7ocu\u011funuzun odas\u0131na m\u00fckemmel \u015fekilde uyum sa\u011flar.<\/p>\n<p>&nbsp;<\/p>\n<p>Kukka Kids\u2019in 4 farkl\u0131 renkte haz\u0131rlanm\u0131\u015f Sweet Dreams serisi uyku setlerini (ayr\u0131 sat\u0131l\u0131r) Kukka Do\u011fal Ah\u015fap 2 Kademeli Be\u015fikte kullanabilir, bebe\u011finizin odas\u0131n\u0131 haz\u0131rlad\u0131\u011f\u0131n\u0131z konseptine uygun \u015fekilde b\u00fct\u00fcnle\u015ftirebilirsiniz.<\/p>\n<p>&nbsp;<\/p>\n<p>Kukka Do\u011fal Ah\u015fap 2 Kademeli Be\u015fik bebe\u011finizin uzun y\u0131llar g\u00fcvenle kullan\u0131labilmesi i\u00e7in uzman ekiplerce \u00fcretilmi\u015ftir.<\/p>\n<p>&nbsp;<\/p>\n<p><strong>Ayarlanabilir Y\u00fckseklik<\/strong><\/p>\n<p>2 farkl\u0131 y\u00fckseklik se\u00e7ene\u011fi ile ayarlanabilir yatak destek taban\u0131; Herhangi bir standart tam boy be\u015fik ve y\u00fcr\u00fcmeye ba\u015flayan \u00e7ocu\u011funuzun yata\u011f\u0131 olabilecek \u015fekilde tasarlanm\u0131\u015ft\u0131r<\/p>\n<p><strong>\u00a0<\/strong><\/p>\n<p><strong>Bebe\u011finizin G\u00fcvenli\u011fini \u00d6n Planda Tutuyoruz<\/strong><\/p>\n<p>Kukka Do\u011fal Ah\u015fap 2 Kademeli Be\u015fik tamamen do\u011fal boya ve formaldehit i\u00e7ermeyen masif ah\u015fap yap\u0131s\u0131 ile bebe\u011finizi uyku zamanlar\u0131nda toksik etkilere maruz b\u0131rakmaz.<\/p>\n<p><strong>\u00a0<\/strong><\/p>\n<p><strong>Dayan\u0131kl\u0131 Tasar\u0131m<\/strong><\/p>\n<p>Kukka Do\u011fal Ah\u015fap 2 Kademeli Be\u015fik sa\u011flam do\u011fal ah\u015faplardan \u00fcretilmi\u015ftir. Minimalist tasar\u0131ma sahip Kukka Do\u011fal Ah\u015fap 2 Kademeli Be\u015fik bebe\u011finizin odas\u0131nda modas\u0131 asla ge\u00e7meyecek bir uyku alan\u0131 sunar.<\/p>\n<p><strong>\u00a0<\/strong><\/p>\n<p><strong>\u00dcr\u00fcn Boyutlar\u0131<\/strong><\/p>\n<p>Kukka Do\u011fal Ah\u015fap 2 Kademeli Be\u015fik tam boy be\u015fik \u00f6l\u00e7\u00fclerine sahiptir, boyutlar\u0131 144 x 78 x 80 cm olup maksimum a\u011f\u0131rl\u0131k kapasitesi 20 kilogramd\u0131r.<\/p>\n<p><strong>\u00a0<\/strong><\/p>\n<p><strong>G\u00fcvenlik ve Sertifikasyon<\/strong><\/p>\n<p>Kukka markas\u0131 \u00fcr\u00fcnlerini, \u00e7ocuklar\u0131n y\u0131llarca keyifli zaman ge\u00e7irebilmesi i\u00e7in pek \u00e7ok kalite kontrol s\u00fcrecinden ge\u00e7irdikten sonra t\u00fcketicilerle bulu\u015fturmaktad\u0131r.<\/p>\n<p><strong>\u00a0<\/strong><\/p>\n<p><strong>Teknik \u00d6zellikler:<\/strong><\/p>\n<ul>\n<li>\u00dcr\u00fcn \u00d6l\u00e7\u00fcleri: 144 x 78 x 80 cm<\/li>\n<li>Yatak \u00d6l\u00e7\u00fcs\u00fc: 140 x 70 cm<\/li>\n<li>\u00dcr\u00fcn A\u011f\u0131rl\u0131\u011f\u0131: 13 kg<\/li>\n<\/ul>\n<p>&nbsp;<\/p>\n<p><strong>Bilgi:<\/strong><\/p>\n<ul>\n<li>\u00dcr\u00fcn demonte \u015fekilde taraf\u0131n\u0131za kargolanacakt\u0131r.<\/li>\n<li>\u00dcr\u00fcn\u00fcm\u00fcz ayr\u0131nt\u0131l\u0131 kurulum talimat\u0131 ile g\u00f6nderilir ve kurulumu kolayd\u0131r.<\/li>\n<\/ul>\n","protected":false},"excerpt":{"rendered":"<div class=\"woocommerce-product-details__short-description\">\n<ul>\n<li>\u00dcr\u00fcn \u00d6l\u00e7\u00fcleri: 144 x 78 x 80 cm<\/li>\n<li>Yatak \u00d6l\u00e7\u00fcs\u00fc: 140 x 70 cm<\/li>\n<li>\u00dcr\u00fcn A\u011f\u0131rl\u0131\u011f\u0131: 13 kg<\/li>\n<\/ul>\n<p>&nbsp;<\/p>\n<p>&nbsp;<\/p>\n<\/div>\n","protected":false},"featured_media":5339,"template":"","meta":[],"product_cat":[15],"product_tag":[],"_links":{"self":[{"href":"https:\/\/kukkawood.com\/tr\/wp-json\/wp\/v2\/product\/5463"}],"collection":[{"href":"https:\/\/kukkawood.com\/tr\/wp-json\/wp\/v2\/product"}],"about":[{"href":"https:\/\/kukkawood.com\/tr\/wp-json\/wp\/v2\/types\/product"}],"wp:featuredmedia":[{"embeddable":true,"href":"https:\/\/kukkawood.com\/tr\/wp-json\/wp\/v2\/media\/5339"}],"wp:attachment":[{"href":"https:\/\/kukkawood.com\/tr\/wp-json\/wp\/v2\/media?parent=5463"}],"wp:term":[{"taxonomy":"product_cat","embeddable":true,"href":"https:\/\/kukkawood.com\/tr\/wp-json\/wp\/v2\/product_cat?post=5463"},{"taxonomy":"product_tag","embeddable":true,"href":"https:\/\/kukkawood.com\/tr\/wp-json\/wp\/v2\/product_tag?post=5463"}],"curies":[{"name":"wp","href":"https:\/\/api.w.org\/{rel}","templated":true}]}}