{"id":5623,"date":"2024-03-08T12:02:23","date_gmt":"2024-03-08T09:02:23","guid":{"rendered":"https:\/\/kukkawood.com\/urun\/kwl-172-kukka-dogal-ahsap-ogrenme-ve-etkinlik-kulesi\/"},"modified":"2024-03-08T12:24:55","modified_gmt":"2024-03-08T09:24:55","slug":"kwl-172-kukka-dogal-ahsap-ogrenme-ve-etkinlik-kulesi","status":"publish","type":"product","link":"https:\/\/kukkawood.com\/tr\/urun\/kwl-172-kukka-dogal-ahsap-ogrenme-ve-etkinlik-kulesi\/","title":{"rendered":"KWL 172 &#8211; Kukka Do\u011fal Ah\u015fap \u00d6\u011frenme ve Etkinlik Kulesi"},"content":{"rendered":"<p style=\"margin: 0cm; margin-bottom: .0001pt;\"><b><span style=\"font-family: 'Titillium Web'; color: #fa0000;\">KWL 172 &#8211; Kukka Do\u011fal Ah\u015fap \u00d6\u011frenme ve Etkinlik Kulesi<\/span><\/b><\/p>\n<p style=\"margin: 0cm; margin-bottom: .0001pt;\"><span style=\"font-family: 'Titillium Web'; color: #262626;\">\u00a0<\/span><\/p>\n<p style=\"margin: 0cm; margin-bottom: .0001pt;\"><span style=\"font-family: 'Titillium Web'; color: #262626;\">\u00c7ocu\u011funuzun evinizde sizinle birlikte yeni \u015feyler \u00f6\u011frenmesini ve e\u011flenmesini ister misiniz? O zaman Kukka Do\u011fal Ah\u015fap \u00d6\u011frenme ve Etkinli Kulesi tam size g\u00f6re! <\/span><\/p>\n<p style=\"margin: 0cm; margin-bottom: .0001pt;\"><span style=\"font-family: 'Titillium Web'; color: #262626;\">\u00a0<\/span><\/p>\n<p style=\"margin: 0cm; margin-bottom: .0001pt;\"><span style=\"font-family: 'Titillium Web'; color: #262626;\">Kukka Do\u011fal Ah\u015fap \u00d6\u011frenme ve Etkinli Kulesi, \u00e7ocu\u011funuzun \u00f6\u011frenme deneyimini g\u00fcvenle ve e\u011flenceli bir \u015fekilde art\u0131rmak i\u00e7in tasarlanm\u0131\u015f son derece sa\u011flam bir \u00fcr\u00fcnd\u00fcr. <\/span><\/p>\n<p style=\"margin: 0cm; margin-bottom: .0001pt;\"><span style=\"font-family: 'Titillium Web'; color: #262626;\">\u00a0<\/span><\/p>\n<p style=\"margin: 0cm; margin-bottom: .0001pt;\"><span style=\"font-family: 'Titillium Web'; color: #262626;\">Kukka Do\u011fal Ah\u015fap \u00d6\u011frenme ve Etkinlik Kulesi, merakl\u0131 \u00e7ocuklar i\u00e7in m\u00fckemmel bir arkada\u015ft\u0131r. \u00c7ocu\u011funuzu isterseniz tezgah seviyesine y\u00fckselterek yemek pi\u015firme becerileri edinmesine ve mutfa\u011f\u0131n\u0131z\u0131 bir \u00f6\u011frenme alan\u0131 haline getirmesine, isterseniz de banyo veya tuvaletinizde lavabo seviyesine y\u00fckselterek kendi ba\u015f\u0131na ellerini y\u0131kama, kendi ba\u015f\u0131na di\u015f f\u0131r\u00e7alama gibi \u00f6z bak\u0131m becerileri kazanmas\u0131na destek olur. <\/span><\/p>\n<p style=\"margin: 0cm; margin-bottom: .0001pt;\"><span style=\"font-family: 'Titillium Web'; color: #262626;\">\u00a0<\/span><\/p>\n<p style=\"margin: 0cm; margin-bottom: .0001pt;\"><span style=\"font-family: 'Titillium Web'; color: #262626;\">\u015eekli ve \u00f6l\u00e7\u00fcleri itibariyle evinizin hemen her k\u00f6\u015fesine yerle\u015ftirebilece\u011finiz \u015f\u0131k g\u00f6r\u00fcnt\u00fcs\u00fcyle uzun y\u0131llar kullan\u0131labilir. <\/span><\/p>\n<p style=\"margin: 0cm; margin-bottom: .0001pt;\"><span style=\"font-family: 'Titillium Web'; color: #262626;\">\u00a0<\/span><\/p>\n<p style=\"margin: 0cm; margin-bottom: .0001pt;\"><span style=\"font-family: 'Titillium Web'; color: #262626;\">T\u00fcm kenar k\u00f6\u015fe sivri y\u00fczeyleri \u00f6zenle yumu\u015fat\u0131lm\u0131\u015f, budak veya k\u0131ym\u0131k i\u00e7ermeyen Kukka Do\u011fal Ah\u015fap \u00d6\u011frenme ve Etkinlik Kulesi \u00e7ocu\u011funuzun g\u00fcvenle etkinliklerini ger\u00e7ekle\u015ftirebilmesi i\u00e7in uzman ekiplerce \u00fcretilmi\u015ftir. <\/span><\/p>\n<p style=\"margin: 0cm; margin-bottom: .0001pt;\"><span style=\"font-family: 'Titillium Web'; color: #262626;\">\u00a0\u00a0<\/span><\/p>\n<p style=\"margin: 0cm 0cm .0001pt 27.0pt;\"><b><span style=\"font-family: 'Titillium Web'; color: #fa0000;\">\u00c7ocu\u011funuz B\u00fcy\u00fcyor!<\/span><\/b><\/p>\n<p style=\"margin: 0cm 0cm .0001pt 27.0pt;\"><span style=\"font-family: 'Titillium Web'; color: #262626;\">Kukka Do\u011fal Ah\u015fap \u00d6\u011frenme ve Etkinlik Kulesi, \u00e7ocuklar\u0131n ba\u011f\u0131ms\u0131z ki\u015fisel bak\u0131m becerilerini geli\u015ftirmek i\u00e7in g\u00fcvenilir bir yard\u0131mc\u0131d\u0131r. Miniklerin meraklar\u0131n\u0131 gidermeye yard\u0131mc\u0131 olur. \u00a0Kukka Do\u011fal Ah\u015fap \u00d6\u011frenme ve Etkinlik Kulesi ile \u00e7ocu\u011funuz kendi ba\u015f\u0131na ellerini y\u0131kayabilir, di\u015flerini f\u0131r\u00e7alayabilir, sebze ve meyveleri birlikte y\u0131kayabilir ve g\u00fcnl\u00fck i\u015flerinizde size yard\u0131m edebilir.\u00a0 \u00dcr\u00fcn\u00fcm\u00fcz miniklerin yeni \u015feyler \u00f6\u011frenmesine ve merak dolu bireyler olarak geli\u015fmesine yard\u0131mc\u0131 olacakt\u0131r.<\/span><\/p>\n<p style=\"margin: 0cm 0cm .0001pt 27.0pt;\"><span style=\"font-family: 'Titillium Web'; color: #262626;\">\u00a0<\/span><\/p>\n<p style=\"margin: 0cm 0cm .0001pt 27.0pt;\"><b><span style=\"font-family: 'Titillium Web'; color: #fa0000;\">\u00dcst\u00fcn Dayan\u0131kl\u0131l\u0131k<\/span><\/b><\/p>\n<p style=\"margin: 0cm 0cm .0001pt 27.0pt;\"><span style=\"font-family: 'Titillium Web'; color: #262626;\">Kukka Do\u011fal Ah\u015fap \u00d6\u011frenme Etkinlik Kulesi malzeme dayan\u0131m\u0131ndan kaynaklanan kaza risklerini ortadan kald\u0131rmak i\u00e7in \u00f6zel olarak tasarlanm\u0131\u015ft\u0131r. \u00dcr\u00fcn\u00fcn \u00fczerine \u00e7\u0131kt\u0131\u011f\u0131n\u0131zda \u00e7evresinde bulunan barlar, \u00e7ocu\u011funuzun etraf\u0131n\u0131 \u00e7evreleyerek kaza risklerini minimize eder.<\/span><\/p>\n<p style=\"margin: 0cm 0cm .0001pt 27.0pt;\"><span style=\"font-family: 'Titillium Web'; color: #262626;\">\u00a0<\/span><\/p>\n<p style=\"margin: 0cm 0cm .0001pt 27.0pt;\"><b><span style=\"font-family: 'Titillium Web'; color: #fa0000;\">\u00c7ok Y\u00f6nl\u00fc Kullan\u0131m<\/span><\/b><\/p>\n<p style=\"margin: 0cm 0cm .0001pt 27.0pt;\"><span style=\"font-family: 'Titillium Web'; color: #262626;\">Kukka Do\u011fal Ah\u015fap \u00d6\u011frenme Etkinlik Kulesi her iki basama\u011f\u0131 da 3 farkl\u0131 y\u00fckseklik seviyesine ayarlanabilir. Bu \u00f6zellik, \u00fcr\u00fcn\u00fc \u00e7ocu\u011funuzun ilerleyen ya\u015flar\u0131nda bile g\u00fcvenle kullanabilmesini sa\u011flar.<\/span><\/p>\n<p style=\"margin: 0cm 0cm .0001pt 27.0pt;\"><span style=\"font-family: 'Titillium Web'; color: #262626;\">\u00a0<\/span><\/p>\n<p style=\"margin: 0cm 0cm .0001pt 27.0pt;\"><span style=\"font-family: 'Titillium Web'; color: #262626;\">\u00a0\u00a0<\/span><\/p>\n<p style=\"margin: 0cm 0cm .0001pt 27.0pt;\"><b><span style=\"font-family: 'Titillium Web'; color: #fa0000;\">\u00dcr\u00fcn Boyutlar\u0131<\/span><\/b><\/p>\n<p style=\"margin: 0cm 0cm .0001pt 27.0pt;\"><span style=\"font-family: 'Titillium Web'; color: #262626;\">Kukka Do\u011fal Ah\u015fap \u00d6\u011frenme Etkinlik Kulesi demonte olarak size ula\u015f\u0131r, kuruldu\u011funda 46,4 x 57,5 x 90 cm \u00f6l\u00e7\u00fclerine sahiptir. \u00a0Montaj\u0131 kolayd\u0131r ve birka\u00e7 dakika i\u00e7inde kurulabilir<\/span><\/p>\n<p style=\"margin: 0cm 0cm .0001pt 27.0pt;\"><span style=\"font-family: 'Titillium Web'; color: #262626;\">\u00a0<\/span><\/p>\n<p style=\"margin: 0cm 0cm .0001pt 27.0pt;\"><b><span style=\"font-family: 'Titillium Web'; color: #fa0000;\">G\u00fcvenlik ve Sertifikasyon<\/span><\/b><\/p>\n<p style=\"margin: 0cm 0cm .0001pt 27.0pt;\"><span style=\"font-family: 'Titillium Web'; color: #262626;\">Kukka markas\u0131 \u00fcr\u00fcnlerini, \u00e7ocuklar\u0131n y\u0131llarca keyifli zaman ge\u00e7irebilmesi i\u00e7in pek \u00e7ok kalite kontrol s\u00fcrecinden ge\u00e7irdikten sonra t\u00fcketicilerle bulu\u015fturmaktad\u0131r.\u00a0 <\/span><\/p>\n<p style=\"margin: 0cm 0cm .0001pt 27.0pt;\"><span style=\"font-family: 'Titillium Web'; color: #262626;\">\u00a0\u00a0<\/span><\/p>\n<p style=\"margin: 0cm 0cm .0001pt 27.0pt;\"><b><span style=\"font-family: 'Titillium Web'; color: #fa0000;\">Teknik \u00d6zellikler:<\/span><\/b><\/p>\n<p style=\"margin: 0cm 0cm .0001pt 27.0pt;\"><span style=\"font-family: 'Titillium Web'; color: #262626;\">\u00dcr\u00fcn \u00d6l\u00e7\u00fcs\u00fc: 46,4 x 57,5 x 90 cm<\/span><\/p>\n<p style=\"margin: 0cm 0cm .0001pt 27.0pt;\"><span style=\"font-family: 'Titillium Web'; color: #262626;\">1. Basamak \u00d6l\u00e7\u00fcs\u00fc: 16 x 37 cm<\/span><\/p>\n<p style=\"margin: 0cm 0cm .0001pt 27.0pt;\"><span style=\"font-family: 'Titillium Web'; color: #262626;\">2. Basamak \u00d6l\u00e7\u00fcs\u00fc: 37,6 x 30,4 cm<\/span><\/p>\n<p style=\"margin: 0cm 0cm .0001pt 27.0pt;\"><span style=\"font-family: 'Titillium Web'; color: #262626;\">\u00dcr\u00fcn A\u011f\u0131rl\u0131\u011f\u0131: 7,76 kg <\/span><\/p>\n<p style=\"margin: 0cm; margin-bottom: .0001pt;\"><span style=\"font-family: 'Titillium Web'; color: #262626;\">\u00a0<\/span><\/p>\n<p style=\"margin: 0cm 0cm .0001pt 27.0pt;\"><b><span style=\"font-family: 'Titillium Web'; color: #fa0000;\">Bilgi:<\/span><\/b><\/p>\n<p style=\"margin: 0cm 0cm .0001pt 27.0pt;\"><span style=\"font-family: 'Titillium Web'; color: #262626;\">\u00dcr\u00fcn demonte \u015fekilde taraf\u0131n\u0131za kargolanacakt\u0131r. <\/span><\/p>\n<p style=\"margin: 0cm 0cm .0001pt 27.0pt;\"><span style=\"font-family: 'Titillium Web'; color: #262626;\">\u00dcr\u00fcn\u00fcm\u00fcz ayr\u0131nt\u0131l\u0131 kurulum talimat\u0131 ile g\u00f6nderilir ve kurulumu kolayd\u0131r.<\/span><\/p>\n","protected":false},"excerpt":{"rendered":"<p style=\"margin: 0cm 0cm .0001pt 27.0pt;\"><b><span style=\"font-family: 'Titillium Web'; color: #fa0000;\">Teknik \u00d6zellikler:<\/span><\/b><\/p>\n<p style=\"margin: 0cm 0cm .0001pt 27.0pt;\"><span style=\"font-family: 'Titillium Web'; color: #262626;\">\u00dcr\u00fcn \u00d6l\u00e7\u00fcs\u00fc: 46,4 x 57,5 x 90 cm<\/span><\/p>\n<p style=\"margin: 0cm 0cm .0001pt 27.0pt;\"><span style=\"font-family: 'Titillium Web'; color: #262626;\">1. Basamak \u00d6l\u00e7\u00fcs\u00fc: 16 x 37 cm<\/span><\/p>\n<p style=\"margin: 0cm 0cm .0001pt 27.0pt;\"><span style=\"font-family: 'Titillium Web'; color: #262626;\">2. Basamak \u00d6l\u00e7\u00fcs\u00fc: 37,6 x 30,4 cm<\/span><\/p>\n<p style=\"margin: 0cm 0cm .0001pt 27.0pt;\"><span style=\"font-family: 'Titillium Web'; color: #262626;\">\u00dcr\u00fcn A\u011f\u0131rl\u0131\u011f\u0131: 7,76 kg<\/span><\/p>\n","protected":false},"featured_media":5572,"template":"","meta":[],"product_cat":[15],"product_tag":[],"_links":{"self":[{"href":"https:\/\/kukkawood.com\/tr\/wp-json\/wp\/v2\/product\/5623"}],"collection":[{"href":"https:\/\/kukkawood.com\/tr\/wp-json\/wp\/v2\/product"}],"about":[{"href":"https:\/\/kukkawood.com\/tr\/wp-json\/wp\/v2\/types\/product"}],"wp:featuredmedia":[{"embeddable":true,"href":"https:\/\/kukkawood.com\/tr\/wp-json\/wp\/v2\/media\/5572"}],"wp:attachment":[{"href":"https:\/\/kukkawood.com\/tr\/wp-json\/wp\/v2\/media?parent=5623"}],"wp:term":[{"taxonomy":"product_cat","embeddable":true,"href":"https:\/\/kukkawood.com\/tr\/wp-json\/wp\/v2\/product_cat?post=5623"},{"taxonomy":"product_tag","embeddable":true,"href":"https:\/\/kukkawood.com\/tr\/wp-json\/wp\/v2\/product_tag?post=5623"}],"curies":[{"name":"wp","href":"https:\/\/api.w.org\/{rel}","templated":true}]}}