{"id":5626,"date":"2024-05-08T16:36:36","date_gmt":"2024-05-08T13:36:36","guid":{"rendered":"https:\/\/kukkawood.com\/?post_type=product&#038;p=5626"},"modified":"2024-05-16T10:55:36","modified_gmt":"2024-05-16T07:55:36","slug":"kfb610-dogal-ahsap-montessori-cocuk-karyolasi-80x160cm","status":"publish","type":"product","link":"https:\/\/kukkawood.com\/tr\/urun\/kfb610-dogal-ahsap-montessori-cocuk-karyolasi-80x160cm\/","title":{"rendered":"KFB610 Do\u011fal Ah\u015fap Montessori \u00c7ocuk Karyolas\u0131 80x160cm"},"content":{"rendered":"<p>KFB610 Do\u011fal Ah\u015fap Montessori \u00c7ocuk Karyolas\u0131 80x160cm<\/p>\n<p>Kukka yer yata\u011f\u0131, \u00e7ocu\u011fun erken ya\u015flardan itibaren geli\u015fimini te\u015fvik eden ve destekleyen Montessori ilkelerine g\u00f6re tasarlanm\u0131\u015ft\u0131r ve ba\u011f\u0131ms\u0131z olarak \u00f6\u011frenmelerini sa\u011flar.<\/p>\n<p>Yatak, 80 x 160 cm \u00f6l\u00e7\u00fclerinde geni\u015f bir uyku alan\u0131na sahiptir ve uyku, oyun ve ebeveynlerle yatma zaman\u0131 hikayeleri i\u00e7in geni\u015f alan sa\u011flar. Uyku s\u0131ras\u0131nda g\u00fcvenli\u011fi sa\u011flamak i\u00e7in kenar koruma ile donat\u0131lm\u0131\u015ft\u0131r.<\/p>\n<p>Yatak, kalite ve dayan\u0131kl\u0131l\u0131\u011f\u0131 garanti eden masif \u00e7am a\u011fac\u0131ndan yap\u0131lm\u0131\u015ft\u0131r. Kukka yer yata\u011f\u0131n\u0131n minimalist ve zamans\u0131z \u0130skandinav tasar\u0131m\u0131, onu her \u00e7ocuk odas\u0131na g\u00fczel bir katk\u0131 haline getirir.<\/p>\n<p>Zemine al\u00e7ak bir \u015fekilde yerle\u015ftirilmi\u015f olmas\u0131, yata\u011f\u0131 kendi kendine yeterli hale getirerek \u00e7ocu\u011funuzun ebeveynlerinin yard\u0131m\u0131na ihtiya\u00e7 duymadan ba\u011f\u0131ms\u0131z bir \u015fekilde yata\u011fa girip \u00e7\u0131kabilmesini sa\u011flar.<\/p>\n","protected":false},"excerpt":{"rendered":"<p>KFB610 Do\u011fal Ah\u015fap Montessori \u00c7ocuk Karyolas\u0131 80x160cm Kukka yer yata\u011f\u0131, \u00e7ocu\u011fun erken ya\u015flardan itibaren geli\u015fimini te\u015fvik eden ve destekleyen Montessori ilkelerine g\u00f6re tasarlanm\u0131\u015ft\u0131r ve ba\u011f\u0131ms\u0131z olarak \u00f6\u011frenmelerini sa\u011flar. Yatak, 80 x 160 cm \u00f6l\u00e7\u00fclerinde geni\u015f bir uyku alan\u0131na sahiptir ve uyku, oyun ve ebeveynlerle yatma zaman\u0131 hikayeleri i\u00e7in geni\u015f alan sa\u011flar. Uyku s\u0131ras\u0131nda g\u00fcvenli\u011fi sa\u011flamak [&hellip;]<\/p>\n","protected":false},"featured_media":5653,"template":"","meta":[],"product_cat":[15],"product_tag":[],"_links":{"self":[{"href":"https:\/\/kukkawood.com\/tr\/wp-json\/wp\/v2\/product\/5626"}],"collection":[{"href":"https:\/\/kukkawood.com\/tr\/wp-json\/wp\/v2\/product"}],"about":[{"href":"https:\/\/kukkawood.com\/tr\/wp-json\/wp\/v2\/types\/product"}],"wp:featuredmedia":[{"embeddable":true,"href":"https:\/\/kukkawood.com\/tr\/wp-json\/wp\/v2\/media\/5653"}],"wp:attachment":[{"href":"https:\/\/kukkawood.com\/tr\/wp-json\/wp\/v2\/media?parent=5626"}],"wp:term":[{"taxonomy":"product_cat","embeddable":true,"href":"https:\/\/kukkawood.com\/tr\/wp-json\/wp\/v2\/product_cat?post=5626"},{"taxonomy":"product_tag","embeddable":true,"href":"https:\/\/kukkawood.com\/tr\/wp-json\/wp\/v2\/product_tag?post=5626"}],"curies":[{"name":"wp","href":"https:\/\/api.w.org\/{rel}","templated":true}]}}