{"id":5658,"date":"2024-07-01T17:40:49","date_gmt":"2024-07-01T14:40:49","guid":{"rendered":"https:\/\/kukkawood.com\/?post_type=product&#038;p=5658"},"modified":"2024-07-01T17:40:49","modified_gmt":"2024-07-01T14:40:49","slug":"kwp141-dis-mekan-plastik-hazneli-cocuk-piknik-masasi-ve-oturagi","status":"publish","type":"product","link":"https:\/\/kukkawood.com\/tr\/urun\/kwp141-dis-mekan-plastik-hazneli-cocuk-piknik-masasi-ve-oturagi\/","title":{"rendered":"KWP141 &#8211; D\u0131\u015f Mekan Plastik Hazneli \u00c7ocuk Piknik Masas\u0131 ve Otura\u011f\u0131"},"content":{"rendered":"<div><strong>KWP141 &#8211; Kukka Kum Havuzlu Mini Piknik Masas\u0131<\/strong><\/div>\n<div><\/div>\n<div>Kukka Kum Havuzlu Mini Piknik Masas\u0131, \u00e7ocuklar\u0131n\u0131z\u0131n a\u00e7\u0131k havada oyunlar\u0131n\u0131 oynarken yemek yeme ve \u00f6\u011frenme deneyimlerini daha da \u00f6zel hale getiren yenilik\u00e7i bir tasar\u0131ma sahiptir.<\/div>\n<div><\/div>\n<div>Yerle\u015fik bankl\u0131 yap\u0131s\u0131, \u00e7ocu\u011funuzun boy kilosuna uyumu \u00f6l\u00e7\u00fcleri, sa\u011flam yap\u0131s\u0131 sayesinde uzun y\u0131llar g\u00fcvenle kullanabilece\u011finiz bir mobilyad\u0131r.<\/div>\n<div><\/div>\n<div>T\u00fcm kenar k\u00f6\u015fe sivri y\u00fczeyleri \u00f6zenle yumu\u015fat\u0131lm\u0131\u015f, budak veya k\u0131ym\u0131k i\u00e7ermeyen Kukka Kum Havuzlu Mini Piknik Masas\u0131 \u00e7ocu\u011funuzun g\u00fcvenle etkinliklerini ger\u00e7ekle\u015ftirebilmesi i\u00e7in uzman ekiplerce \u00fcretilmi\u015ftir.<\/div>\n<div><\/div>\n<div><strong>\u00c7\u0131kar\u0131labilir Orta B\u00f6lme ile Daha Fazla Oyun Alan\u0131<\/strong><\/div>\n<div>Bu \u00f6zel masa tasar\u0131m\u0131, orta b\u00f6lmenin \u00e7\u0131kar\u0131labilir olmas\u0131yla \u00e7ocuklar\u0131n\u0131za daha fazla oyun ve etkinlik alan\u0131 sunar. Ayr\u0131ca, orta b\u00f6lme i\u00e7inde bulunan 2 adet plastik kum havuzu, \u00e7ocuklar\u0131n\u0131z\u0131n oyunlar\u0131n\u0131 bitirdiklerinde da\u011f\u0131n\u0131kl\u0131\u011f\u0131 h\u0131zla toplamalar\u0131na yard\u0131mc\u0131 olur.<\/div>\n<div><\/div>\n<div><strong>G\u00fcne\u015fli Havalarda Koruma<\/strong><\/div>\n<div>Masa \u00fczerinde bulunan \u00f6zel delik, g\u00fcne\u015fli havalarda \u00e7ocuklar\u0131n\u0131z\u0131 g\u00fcne\u015fin zararl\u0131 etkilerinden koruyabilmeniz amac\u0131yla eklenmi\u015ftir. \u00dcr\u00fcn \u00fczerine eklenebilecek harici bir \u015femsiye yard\u0131m\u0131 ile s\u0131cak yaz g\u00fcnlerinde uzun saatler \u00e7ocuklar\u0131n rahat\u00e7a oyun oynamalar\u0131 sa\u011flanabilir.<\/div>\n<div><\/div>\n<div><strong>Yerle\u015fik Banklar Sayesinde Evinizde D\u00fczen ve E\u011flence<\/strong><\/div>\n<div>Kukka Kum Havuzlu Mini Piknik Masas\u0131 \u00fczerine entegre 2 oturma alan\u0131 i\u00e7erir. Bu sayede \u00e7ocuklar\u0131n\u0131z karde\u015fleri veya arkada\u015flar\u0131yla e\u011flenceli oyunlar oynayabilir.<\/div>\n<div><\/div>\n<div><strong>Dayan\u0131kl\u0131 Tasar\u0131m<\/strong><\/div>\n<div>Kukka Kum Havuzlu Mini Piknik Masas\u0131 uzun s\u00fcreli e\u011flence i\u00e7in \u00e7evre dostu masif ah\u015fap yap\u0131lm\u0131\u015ft\u0131r.<\/div>\n<div><\/div>\n<div><strong>\u00dcr\u00fcn Boyutlar\u0131<\/strong><\/div>\n<div>Evinizde, bah\u00e7enizde veya d\u0131\u015f mekanda herhangi bir oyun alan\u0131na s\u0131\u011facak \u015fekilde \u00fcretilmi\u015f Kukka Kum Havuzlu Mini Piknik Masas\u0131 kuruldu\u011funda 91 x 89 x 51 cm \u00f6l\u00e7\u00fclerine sahiptir. 3 ya\u015f \u00fczeri \u00e7ocuklar\u0131n kullan\u0131m\u0131na uygundur.<\/div>\n<div><\/div>\n<div><strong>G\u00fcvenlik ve Sertifikasyon<\/strong><\/div>\n<div>Kukka markas\u0131 \u00fcr\u00fcnlerini, \u00e7ocuklar\u0131n y\u0131llarca keyifli zaman ge\u00e7irebilmesi i\u00e7in pek \u00e7ok kalite kontrol s\u00fcrecinden ge\u00e7irdikten sonra t\u00fcketicilerle bulu\u015fturmaktad\u0131r.<\/div>\n<div><\/div>\n<div><strong>Bilgi:<\/strong><\/div>\n<div>\u00dcr\u00fcn demonte \u015fekilde taraf\u0131n\u0131za kargolanacakt\u0131r.<\/div>\n<div>\u00dcr\u00fcn\u00fcm\u00fcz ayr\u0131nt\u0131l\u0131 kurulum talimat\u0131 ile g\u00f6nderilir ve kurulumu kolayd\u0131r.<\/div>\n","protected":false},"excerpt":{"rendered":"<div>Geni\u015flik x Uzunluk x Y\u00fckseklik: 91 x 89 x 51 cm<\/div>\n<div>Masa \u00d6l\u00e7\u00fcs\u00fc: 90 x 44 cm<\/div>\n<div>Oturma Alan\u0131 \u00d6l\u00e7\u00fc: 90 x 17,5 cm<\/div>\n<div>Kutu Boyutu: 94,5 x 26,5 x 15 cm<\/div>\n<div>\u00dcr\u00fcn A\u011f\u0131rl\u0131\u011f\u0131: 9,2 kg<\/div>\n","protected":false},"featured_media":5659,"template":"","meta":[],"product_cat":[15],"product_tag":[],"_links":{"self":[{"href":"https:\/\/kukkawood.com\/tr\/wp-json\/wp\/v2\/product\/5658"}],"collection":[{"href":"https:\/\/kukkawood.com\/tr\/wp-json\/wp\/v2\/product"}],"about":[{"href":"https:\/\/kukkawood.com\/tr\/wp-json\/wp\/v2\/types\/product"}],"wp:featuredmedia":[{"embeddable":true,"href":"https:\/\/kukkawood.com\/tr\/wp-json\/wp\/v2\/media\/5659"}],"wp:attachment":[{"href":"https:\/\/kukkawood.com\/tr\/wp-json\/wp\/v2\/media?parent=5658"}],"wp:term":[{"taxonomy":"product_cat","embeddable":true,"href":"https:\/\/kukkawood.com\/tr\/wp-json\/wp\/v2\/product_cat?post=5658"},{"taxonomy":"product_tag","embeddable":true,"href":"https:\/\/kukkawood.com\/tr\/wp-json\/wp\/v2\/product_tag?post=5658"}],"curies":[{"name":"wp","href":"https:\/\/api.w.org\/{rel}","templated":true}]}}